{"id":1282,"date":"2023-08-22T13:29:52","date_gmt":"2023-08-22T16:29:52","guid":{"rendered":"https:\/\/www.interactsolutions.com\/?page_id=1282"},"modified":"2026-02-25T11:51:31","modified_gmt":"2026-02-25T14:51:31","slug":"segmentos","status":"publish","type":"page","link":"https:\/\/www.interactsolutions.com\/es\/segmentos\/","title":{"rendered":"Segmentos"},"content":{"rendered":"<p>&nbsp;<\/p>\n<section class=\"cp-banner align-items-lg-center margem-breadcrumb auto gradiente-01 sem-filtro\"><img decoding=\"async\" class=\"imagem-fundo-banner\" src=\"http:\/\/www.interactsolutions.com\/wp-content\/uploads\/2024\/01\/Banner_Segmentos_Principal.jpg\" \/><\/p>\n<div class=\"breadcrumb\">\n<div class=\"container\">\n<ul>\n<li><a href=\"https:\/\/www.interactsolutions.com\/es\/\">Home<\/a><\/li>\n<li>Segmentos<\/li>\n<\/ul>\n<\/div>\n<\/div>\n<div class=\"container\">\n<div class=\"row align-items-center\">\n<div class=\"col-xl-5 col-lg-6 col-md-9\">\n<div class=\"infos-bloco-padrao\">\n<h1 class=\"padrao-titulo cor-site f-padrao\"><span style=\"color: #ffffff;\"><strong>Soluciones espec\u00edficas para cada segmento<\/strong><\/span><\/h1>\n<div class=\"f-padrao\">\n<p><span style=\"color: #ffffff;\">Aplicaciones modulares capaces de proporcionar soluciones integradas para los m\u00e1s diversos segmentos del mercado.<\/span><\/p>\n<\/div>\n<\/div>\n<\/div>\n<div class=\"col-xl-4 col-lg-5 col-md-9 col-11 offset-xl-1\"><\/div>\n<\/div>\n<\/div>\n<\/section>\n<section class=\"cp-padrao \">\n<div class=\"container\">\n<div class=\"row justify-content-center\">\n<div class=\"col-xl-10\">\n<div class=\"infos-bloco-padrao ta-center\">\n<h2 class=\"padrao-titulo cor-site f-padrao\">Conoce nuestros segmentos de actuaci\u00f3n<\/h2>\n<div class=\"f-padrao\">\n<p>La tecnolog\u00eda innovadora es fundamental para transformar el mercado de forma inteligente y estrat\u00e9gica<\/p>\n<\/div>\n<\/div>\n<\/div>\n<\/div>\n<\/div>\n<\/section>\n<section class=\"cp-padrao cp-segmentos pt-0 \">\n<div class=\"container\">\n<div class=\"menu-segmentos-geral\">\n<ul class=\"pt-0 pb-0\">\n<li class=\"ico-1286\"><a class=\"segmentos__item\" href=\"https:\/\/www.interactsolutions.com\/es\/segmento\/agroindustria\/\"><br \/>\nAgronegocio <\/a><\/li>\n<li class=\"ico-6220\"><a class=\"segmentos__item\" href=\"https:\/\/www.interactsolutions.com\/es\/segmento\/construccion-civil\/\"><br \/>\nConstrucci\u00f3n Civil <\/a><\/li>\n<li class=\"ico-6222\"><a class=\"segmentos__item\" href=\"https:\/\/www.interactsolutions.com\/es\/segmento\/cooperativo\/\"><br \/>\nCooperativo <\/a><\/li>\n<li class=\"ico-6182\"><a class=\"segmentos__item\" href=\"https:\/\/www.interactsolutions.com\/es\/segmento\/educacion\/\"><br \/>\nEducaci\u00f3n <\/a><\/li>\n<li class=\"ico-6159\"><a class=\"segmentos__item\" href=\"https:\/\/www.interactsolutions.com\/es\/segmento\/financiero\/\"><br \/>\nFinanciero <\/a><\/li>\n<li class=\"ico-6178\"><a class=\"segmentos__item\" href=\"https:\/\/www.interactsolutions.com\/es\/segmento\/gobierno\/\"><br \/>\nGobierno <\/a><\/li>\n<li class=\"ico-6180\"><a class=\"segmentos__item\" href=\"https:\/\/www.interactsolutions.com\/es\/segmento\/industria\/\"><br \/>\nIndustria <\/a><\/li>\n<li class=\"ico-8631\"><a class=\"segmentos__item\" href=\"https:\/\/www.interactsolutions.com\/es\/segmento\/logistica\/\"><br \/>\nLog\u00edstica <\/a><\/li>\n<li class=\"ico-6166\"><a class=\"segmentos__item\" href=\"https:\/\/www.interactsolutions.com\/es\/segmento\/salud\/\"><br \/>\nSalud <\/a><\/li>\n<li class=\"ico-6172\"><a class=\"segmentos__item\" href=\"https:\/\/www.interactsolutions.com\/es\/segmento\/servicios\/\"><br \/>\nServicios <\/a><\/li>\n<\/ul>\n<\/div>\n<\/div>\n<\/section>\n<section class=\"cp-padrao bloco-extra-contato\">\n<div class=\"container\">\n<div class=\"row gx-lg-4 gx-3\">\n<div class=\"col-xl-3 col-lg-4 offset-xl-1 mb-lg-0 mb-normal\">\n<div class=\"meta-titulo-bloco\">\n<h2 class=\"padrao-titulo cor-site f-padrao\"><strong>Soluciones para todas las empresas<\/strong><\/h2>\n<div class=\"f-padrao\">\n<p>Ponte en contacto y descubre qu\u00e9 herramienta es mejor para tu negocio.<\/p>\n<\/div>\n<\/div>\n<div class=\"grupo-links-contato\">\n<h3 class=\"padrao-cartola\">encu\u00e9ntranos<\/h3>\n<ul>\n<li><a target=\"\" rel=\"noopener\"><br \/>\nUnidades y socios en Brasil<\/p>\n<p><\/a><\/li>\n<li><a target=\"\" rel=\"noopener\"><br \/>\nDistribuidores y socios internacionales<\/p>\n<p><\/a><\/li>\n<\/ul>\n<\/div>\n<\/div>\n<div class=\"col-lg-3 col-6 offset-lg-1\"><a class=\"botao-grande-contato bg-site\" href=\"#modal-full-formulario\"><br \/>\n<img decoding=\"async\" src=\"https:\/\/www.interactsolutions.com\/wp-content\/themes\/interactsolutions\/images\/bg-contato-1.jpg\" \/><\/a><\/p>\n<h5>\nSolicita contacto<\/h5>\n<p>&nbsp;<\/p>\n<\/div>\n<div class=\"col-lg-3 col-6\"><a class=\"botao-grande-contato bg-secundaria\" href=\"https:\/\/sa.interact.com.br\/sa\/custom\/apps\/CallServiceCenterLoginApplication.jsp\" target=\"_blank\" rel=\"noopener\"><br \/>\n<img decoding=\"async\" src=\"https:\/\/www.interactsolutions.com\/wp-content\/themes\/interactsolutions\/images\/bg-contato-2.jpg\" \/><\/a><\/p>\n<h5>\nCentro de<br \/>\nAtenci\u00f3n al Cliente<\/h5>\n<p>&nbsp;<\/p>\n<\/div>\n<\/div>\n<\/div>\n<\/section>\n<p>&nbsp;<\/p>\n","protected":false},"excerpt":{"rendered":"<p>&nbsp; Home Segmentos Soluciones espec\u00edficas para cada segmento Aplicaciones modulares capaces de proporcionar soluciones integradas para los m\u00e1s diversos segmentos del mercado. Conoce nuestros segmentos de actuaci\u00f3n La tecnolog\u00eda innovadora es fundamental para transformar el mercado de forma inteligente y\u2026<\/p>\n","protected":false},"author":1,"featured_media":0,"parent":0,"menu_order":51,"comment_status":"closed","ping_status":"closed","template":"","meta":{"_acf_changed":false,"inline_featured_image":false,"footnotes":""},"class_list":["post-1282","page","type-page","status-publish","hentry"],"acf":[],"yoast_head":"<!-- This site is optimized with the Yoast SEO plugin v27.5 - https:\/\/yoast.com\/product\/yoast-seo-wordpress\/ -->\n<title>Segmentos - Interact Solutions<\/title>\n<meta name=\"robots\" content=\"index, follow, max-snippet:-1, max-image-preview:large, max-video-preview:-1\" \/>\n<link rel=\"canonical\" href=\"https:\/\/www.interactsolutions.com\/es\/segmentos\/\" \/>\n<meta property=\"og:locale\" content=\"es_ES\" \/>\n<meta property=\"og:type\" content=\"article\" \/>\n<meta property=\"og:title\" content=\"Segmentos - Interact Solutions\" \/>\n<meta property=\"og:description\" content=\"&nbsp; Home Segmentos Soluciones espec\u00edficas para cada segmento Aplicaciones modulares capaces de proporcionar soluciones integradas para los m\u00e1s diversos segmentos del mercado. Conoce nuestros segmentos de actuaci\u00f3n La tecnolog\u00eda innovadora es fundamental para transformar el mercado de forma inteligente y\u2026\" \/>\n<meta property=\"og:url\" content=\"https:\/\/www.interactsolutions.com\/es\/segmentos\/\" \/>\n<meta property=\"og:site_name\" content=\"Interact Solutions\" \/>\n<meta property=\"article:modified_time\" content=\"2026-02-25T14:51:31+00:00\" \/>\n<meta property=\"og:image\" content=\"http:\/\/www.interactsolutions.com\/wp-content\/uploads\/2024\/01\/Banner_Segmentos_Principal.jpg\" \/>\n<meta name=\"twitter:card\" content=\"summary_large_image\" \/>\n<meta name=\"twitter:label1\" content=\"Tiempo de lectura\" \/>\n\t<meta name=\"twitter:data1\" content=\"2 minutos\" \/>\n<script type=\"application\/ld+json\" class=\"yoast-schema-graph\">{\"@context\":\"https:\\\/\\\/schema.org\",\"@graph\":[{\"@type\":\"WebPage\",\"@id\":\"https:\\\/\\\/www.interactsolutions.com\\\/es\\\/segmentos\\\/\",\"url\":\"https:\\\/\\\/www.interactsolutions.com\\\/es\\\/segmentos\\\/\",\"name\":\"Segmentos - Interact Solutions\",\"isPartOf\":{\"@id\":\"https:\\\/\\\/www.interactsolutions.com\\\/es\\\/#website\"},\"primaryImageOfPage\":{\"@id\":\"https:\\\/\\\/www.interactsolutions.com\\\/es\\\/segmentos\\\/#primaryimage\"},\"image\":{\"@id\":\"https:\\\/\\\/www.interactsolutions.com\\\/es\\\/segmentos\\\/#primaryimage\"},\"thumbnailUrl\":\"http:\\\/\\\/www.interactsolutions.com\\\/wp-content\\\/uploads\\\/2024\\\/01\\\/Banner_Segmentos_Principal.jpg\",\"datePublished\":\"2023-08-22T16:29:52+00:00\",\"dateModified\":\"2026-02-25T14:51:31+00:00\",\"inLanguage\":\"es\",\"potentialAction\":[{\"@type\":\"ReadAction\",\"target\":[\"https:\\\/\\\/www.interactsolutions.com\\\/es\\\/segmentos\\\/\"]}]},{\"@type\":\"ImageObject\",\"inLanguage\":\"es\",\"@id\":\"https:\\\/\\\/www.interactsolutions.com\\\/es\\\/segmentos\\\/#primaryimage\",\"url\":\"http:\\\/\\\/www.interactsolutions.com\\\/wp-content\\\/uploads\\\/2024\\\/01\\\/Banner_Segmentos_Principal.jpg\",\"contentUrl\":\"http:\\\/\\\/www.interactsolutions.com\\\/wp-content\\\/uploads\\\/2024\\\/01\\\/Banner_Segmentos_Principal.jpg\"},{\"@type\":\"WebSite\",\"@id\":\"https:\\\/\\\/www.interactsolutions.com\\\/es\\\/#website\",\"url\":\"https:\\\/\\\/www.interactsolutions.com\\\/es\\\/\",\"name\":\"Interact Solutions\",\"description\":\"\",\"potentialAction\":[{\"@type\":\"SearchAction\",\"target\":{\"@type\":\"EntryPoint\",\"urlTemplate\":\"https:\\\/\\\/www.interactsolutions.com\\\/es\\\/?s={search_term_string}\"},\"query-input\":{\"@type\":\"PropertyValueSpecification\",\"valueRequired\":true,\"valueName\":\"search_term_string\"}}],\"inLanguage\":\"es\"}]}<\/script>\n<!-- \/ Yoast SEO plugin. -->","yoast_head_json":{"title":"Segmentos - Interact Solutions","robots":{"index":"index","follow":"follow","max-snippet":"max-snippet:-1","max-image-preview":"max-image-preview:large","max-video-preview":"max-video-preview:-1"},"canonical":"https:\/\/www.interactsolutions.com\/es\/segmentos\/","og_locale":"es_ES","og_type":"article","og_title":"Segmentos - Interact Solutions","og_description":"&nbsp; Home Segmentos Soluciones espec\u00edficas para cada segmento Aplicaciones modulares capaces de proporcionar soluciones integradas para los m\u00e1s diversos segmentos del mercado. Conoce nuestros segmentos de actuaci\u00f3n La tecnolog\u00eda innovadora es fundamental para transformar el mercado de forma inteligente y\u2026","og_url":"https:\/\/www.interactsolutions.com\/es\/segmentos\/","og_site_name":"Interact Solutions","article_modified_time":"2026-02-25T14:51:31+00:00","og_image":[{"url":"http:\/\/www.interactsolutions.com\/wp-content\/uploads\/2024\/01\/Banner_Segmentos_Principal.jpg","type":"","width":"","height":""}],"twitter_card":"summary_large_image","twitter_misc":{"Tiempo de lectura":"2 minutos"},"schema":{"@context":"https:\/\/schema.org","@graph":[{"@type":"WebPage","@id":"https:\/\/www.interactsolutions.com\/es\/segmentos\/","url":"https:\/\/www.interactsolutions.com\/es\/segmentos\/","name":"Segmentos - Interact Solutions","isPartOf":{"@id":"https:\/\/www.interactsolutions.com\/es\/#website"},"primaryImageOfPage":{"@id":"https:\/\/www.interactsolutions.com\/es\/segmentos\/#primaryimage"},"image":{"@id":"https:\/\/www.interactsolutions.com\/es\/segmentos\/#primaryimage"},"thumbnailUrl":"http:\/\/www.interactsolutions.com\/wp-content\/uploads\/2024\/01\/Banner_Segmentos_Principal.jpg","datePublished":"2023-08-22T16:29:52+00:00","dateModified":"2026-02-25T14:51:31+00:00","inLanguage":"es","potentialAction":[{"@type":"ReadAction","target":["https:\/\/www.interactsolutions.com\/es\/segmentos\/"]}]},{"@type":"ImageObject","inLanguage":"es","@id":"https:\/\/www.interactsolutions.com\/es\/segmentos\/#primaryimage","url":"http:\/\/www.interactsolutions.com\/wp-content\/uploads\/2024\/01\/Banner_Segmentos_Principal.jpg","contentUrl":"http:\/\/www.interactsolutions.com\/wp-content\/uploads\/2024\/01\/Banner_Segmentos_Principal.jpg"},{"@type":"WebSite","@id":"https:\/\/www.interactsolutions.com\/es\/#website","url":"https:\/\/www.interactsolutions.com\/es\/","name":"Interact Solutions","description":"","potentialAction":[{"@type":"SearchAction","target":{"@type":"EntryPoint","urlTemplate":"https:\/\/www.interactsolutions.com\/es\/?s={search_term_string}"},"query-input":{"@type":"PropertyValueSpecification","valueRequired":true,"valueName":"search_term_string"}}],"inLanguage":"es"}]}},"_links":{"self":[{"href":"https:\/\/www.interactsolutions.com\/es\/wp-json\/wp\/v2\/pages\/1282","targetHints":{"allow":["GET"]}}],"collection":[{"href":"https:\/\/www.interactsolutions.com\/es\/wp-json\/wp\/v2\/pages"}],"about":[{"href":"https:\/\/www.interactsolutions.com\/es\/wp-json\/wp\/v2\/types\/page"}],"author":[{"embeddable":true,"href":"https:\/\/www.interactsolutions.com\/es\/wp-json\/wp\/v2\/users\/1"}],"replies":[{"embeddable":true,"href":"https:\/\/www.interactsolutions.com\/es\/wp-json\/wp\/v2\/comments?post=1282"}],"version-history":[{"count":18,"href":"https:\/\/www.interactsolutions.com\/es\/wp-json\/wp\/v2\/pages\/1282\/revisions"}],"predecessor-version":[{"id":16446,"href":"https:\/\/www.interactsolutions.com\/es\/wp-json\/wp\/v2\/pages\/1282\/revisions\/16446"}],"wp:attachment":[{"href":"https:\/\/www.interactsolutions.com\/es\/wp-json\/wp\/v2\/media?parent=1282"}],"curies":[{"name":"wp","href":"https:\/\/api.w.org\/{rel}","templated":true}]}}