{"id":6574,"date":"2023-08-21T09:54:53","date_gmt":"2023-08-21T12:54:53","guid":{"rendered":"https:\/\/www.interactsolutions.com\/?page_id=6574"},"modified":"2025-09-02T14:10:27","modified_gmt":"2025-09-02T17:10:27","slug":"interact-flow","status":"publish","type":"page","link":"https:\/\/www.interactsolutions.com\/es\/interact-flow\/","title":{"rendered":"Interact Flow"},"content":{"rendered":"<p>&nbsp;<\/p>\n<section class=\"cp-banner align-items-lg-center margem-breadcrumb auto fontes-claras \" style=\"background: linear-gradient(140deg, #0b6cf1 0%, #74b9ff 100%);\"><img decoding=\"async\" class=\"imagem-fundo-banner\" src=\"https:\/\/www.interactsolutions.com\/wp-content\/uploads\/2024\/02\/Banner-Site_Interact_Flow_1920x480px_Att.jpg\" \/><\/p>\n<div class=\"breadcrumb\">\n<div class=\"container\">\n<ul>\n<li><a href=\"https:\/\/www.interactsolutions.com\/es\/\">Home<\/a><\/li>\n<li><a href=\"https:\/\/www.interactsolutions.com\/es\/produtos\">Soluciones<\/a><\/li>\n<li>Interact Flow<\/li>\n<\/ul>\n<\/div>\n<\/div>\n<div class=\"container\">\n<div class=\"row align-items-center\">\n<div class=\"col-xl-5 col-lg-6 col-md-9\">\n<div class=\"infos-bloco-padrao\">\n<h1 class=\"padrao-titulo cor-site f-padrao\"><strong>De la modelizaci\u00f3n de flujos al an\u00e1lisis de madurez en la gesti\u00f3n de procesos<\/strong><\/h1>\n<div class=\"f-padrao\">\n<p>Conoce Interact Flow, nuestra herramienta gratuita, educativa y totalmente alineada con la notaci\u00f3n BPMN.<\/p>\n<\/div>\n<p><a class=\"padrao-botao bg-site text-nowrap\" style=\"background-color: #0c6cf2; color: #fff;\" href=\"https:\/\/flow.interactsolutions.com\/\" target=\"\" rel=\"noopener\">\u00a0<\/a><\/p>\n<p>Quiero empezar<\/p>\n<p>&nbsp;<\/p>\n<\/div>\n<\/div>\n<div class=\"col-xl-4 col-lg-5 col-md-9 col-11 offset-xl-1\"><\/div>\n<\/div>\n<\/div>\n<\/section>\n<section class=\"cp-padrao \">\n<div class=\"container\">\n<div class=\"row justify-content-center\">\n<div class=\"col-xl-10\">\n<div class=\"infos-bloco-padrao ta-center\">\n<h2 class=\"padrao-titulo cor-site f-padrao\"><strong>Una herramienta para optimizar todo lo que importa en tu d\u00eda a d\u00eda<\/strong><\/h2>\n<div class=\"f-padrao\">\n<p>Interact Flow es f\u00e1cil, intuitiva, sencilla y accesible al p\u00fablico, permitiendo la <strong>modelaci\u00f3n de procesos, simplificando rutinas y optimizando resultados.<\/strong><\/p>\n<p>Adem\u00e1s, permite que la empresa realice una <strong>evaluaci\u00f3n de madurez<\/strong> conforme a la gesti\u00f3n por procesos, basada en el modelo de Pedro Robledo.<\/p>\n<\/div>\n<\/div>\n<\/div>\n<\/div>\n<\/div>\n<\/section>\n<section class=\"cp-padrao cp-cta pt-0 layout_card centralizado\" style=\"--cor-fundo: #0b6cf1;\"><img decoding=\"async\" class=\"imagem-fundo-cta\" src=\"http:\/\/www.interactsolutions.com\/wp-content\/uploads\/2023\/10\/2-6.jpg\" \/><\/p>\n<div class=\"cp-cta__container\">\n<h2 class=\"padrao-titulo cor-site ta-center f-pequena\"><span class=\"padrao-titulo__centralizado\"><span style=\"color: #ffffff;\"><strong>Evoluciona en la forma en que llevas a cabo tus actividades diarias<\/strong><\/span><\/span><\/h2>\n<div class=\"info-final-bloco \"><a class=\"padrao-botao bg-site centralizado text-nowrap\" style=\"background-color: #ffffff; color: #0b6cf1;\" href=\"https:\/\/flow.interactsolutions.com\/\" target=\"\" rel=\"noopener\"><br \/>\nQuiero empezar ahora<\/a><\/div>\n<\/div>\n<\/section>\n<section class=\"cp-padrao cp-texto-imagem-video \">\n<div class=\"container\">\n<div class=\"row\">\n<div class=\"col-lg-4\">\n<div class=\"infos-bloco-padrao\">\n<h2 class=\"padrao-titulo cor-site f-padrao\"><span style=\"color: #3366ff;\"><strong>Dise\u00f1e sus procesos de forma simple y gratuita<\/strong><\/span><\/h2>\n<p>Con Interact Flow, podr\u00e1s realizar la modelizaci\u00f3n de procesos conceptuales utilizando una herramienta con notaci\u00f3n BPMN 2.0, inspirada en los est\u00e1ndares internacionales de la metodolog\u00eda.<\/p>\n<p>Optimiza tus procesos y da un paso en tu jornada hacia mejores resultados<\/p>\n<\/div>\n<\/div>\n<div class=\"col-lg-7 offset-lg-1\">\n<figure class=\"fundo-video\"><img decoding=\"async\" src=\"http:\/\/www.interactsolutions.com\/wp-content\/uploads\/2024\/01\/INST_SITE_CAPAS-VIDEOS_FLOW.jpg\" \/><\/figure>\n<p>&nbsp;<\/p>\n<\/div>\n<\/div>\n<\/div>\n<\/section>\n<section class=\"cp-padrao cp-lista-beneficios \" style=\"background-color: #f3f3f3;\">\n<div class=\"container\">\n<h2 class=\"padrao-titulo cor-site mb-media f-padrao\"><span style=\"color: #3366ff;\"><strong>Nuestras caracter\u00edsticas distintivas<\/strong><\/span><\/h2>\n<ul>\n<li><i style=\"color: #0b6cf1;\"><br \/>\n<\/i><br \/>\n<span class=\"f-padrao\">Herramienta gratuita;<\/span><\/li>\n<li><i style=\"color: #0b6cf1;\"><br \/>\n<\/i><br \/>\n<span class=\"f-padrao\">Utiliza la notaci\u00f3n BPMN 2.0;<\/span><\/li>\n<li><i style=\"color: #0b6cf1;\"><br \/>\n<\/i><br \/>\n<span class=\"f-padrao\">Permite el dise\u00f1o de procesos desde cero y la creaci\u00f3n de flujogramas;<\/span><\/li>\n<li><i style=\"color: #0b6cf1;\"><br \/>\n<\/i><br \/>\n<span class=\"f-padrao\">Importaci\u00f3n y exportaci\u00f3n de procesos;<\/span><\/li>\n<li><i style=\"color: #0b6cf1;\"><br \/>\n<\/i><br \/>\n<span class=\"f-padrao\">Videos explicativos para facilitar la utilizaci\u00f3n;<\/span><\/li>\n<li><i style=\"color: #0b6cf1;\"><br \/>\n<\/i><br \/>\n<span class=\"f-padrao\">Plantilla est\u00e1ndar para edici\u00f3n y descarga;<\/span><\/li>\n<li><i style=\"color: #0b6cf1;\"><br \/>\n<\/i><br \/>\n<span class=\"f-padrao\">Modelo de evaluaci\u00f3n de madurez de la empresa.<\/span><\/li>\n<\/ul>\n<\/div>\n<\/section>\n<section class=\"cp-padrao \">\n<div class=\"container\">\n<div class=\"row justify-content-center\">\n<div class=\"col-xl-10\">\n<div class=\"infos-bloco-padrao ta-center\">\n<h2 class=\"padrao-titulo cor-site f-padrao\"><span style=\"color: #3366ff;\"><strong>Embajador Interact, Gart Capote<\/strong><\/span><\/h2>\n<div class=\"f-padrao\"><\/div>\n<\/div>\n<\/div>\n<\/div>\n<\/div>\n<\/section>\n<section class=\"cp-padrao cp-texto-imagem-video \">\n<div class=\"container\">\n<div class=\"row\">\n<div class=\"col-lg-4\">\n<div class=\"infos-bloco-padrao\">\n<p>Para ampliar la visi\u00f3n sist\u00e9mica y el pensamiento anal\u00edtico de sus clientes, y no solo utilizar una herramienta, Interact cuenta con el apoyo de su nuevo Embajador: \u00a1Gart Capote!<\/p>\n<p>Gart es uno de los pioneros en el tema de BPM en Brasil, estudiando y practicando esta disciplina con apoyo tecnol\u00f3gico (BPMS) desde 2004. Act\u00faa regularmente como consultor, instructor y conferencista de BPM y Orientaci\u00f3n a Clientes para diversas instituciones en Brasil y en el extranjero. Tambi\u00e9n es Certified Business Process Professional (CBPP), fundador y presidente de la ABPMP en Brasil durante 8 a\u00f1os consecutivos.<\/p>\n<p>Adem\u00e1s de ser una figura internacional l\u00edder en la comunidad de profesionales de BPM, tambi\u00e9n es muy respetado como profesional practicante por sus proyectos, resultados y \u00e9tica.<\/p>\n<\/div>\n<\/div>\n<div class=\"col-lg-7 offset-lg-1\">\n<div class=\"box-imagem-video\">\n<figure><img decoding=\"async\" src=\"http:\/\/www.interactsolutions.com\/wp-content\/uploads\/2023\/12\/foto-para-capa-1-1200x675.png\" \/><\/figure>\n<\/div>\n<\/div>\n<\/div>\n<\/div>\n<\/section>\n<section class=\"cp-padrao cp-texto-imagem-video pt-0\">\n<div class=\"container\">\n<div class=\"row\">\n<div class=\"col-lg-4\">\n<div class=\"infos-bloco-padrao\">\n<h2 class=\"padrao-titulo cor-site f-padrao\"><span style=\"color: #3366ff;\">Disciplina + Tecnolog\u00eda<\/span><\/h2>\n<p>A partir de este trabajo conjunto, las herramientas dedicadas a la optimizaci\u00f3n de procesos de BPM ganar\u00e1n m\u00e1s respaldo, lo que ampliar\u00e1 las posibilidades de trabajo dentro de las organizaciones.<\/p>\n<p>Gart trae esta visi\u00f3n en sus contenidos, incluyendo un enfoque muy bien abordado en la \u00abJornada del Cliente\u00bb. Una metodolog\u00eda dividida en 8 etapas que tiene como objetivo comprender al cliente, comprender los trabajos, describir los objetivos, desarrollar soluciones, construir la jornada, detallar las hip\u00f3tesis, describir cambios y, finalmente, construir el Canvas.<\/p>\n<p>Para obtener m\u00e1s informaci\u00f3n sobre SA Process Manager y las acciones con el Embajador Gart Capote, sigue nuestros canales.<\/p>\n<\/div>\n<\/div>\n<div class=\"col-lg-7 offset-lg-1\">\n<div class=\"box-imagem-video\">\n<figure><img decoding=\"async\" src=\"https:\/\/www.interactsolutions.com\/wp-content\/uploads\/2023\/08\/Imagem_Solucoes_Livros-Gart-Tela-Flow.png\" \/><\/figure>\n<\/div>\n<\/div>\n<\/div>\n<\/div>\n<\/section>\n<section class=\"cp-padrao cp-newsletter \" style=\"background-color: #0c6cf2;\">\n<div class=\"container\">\n<div class=\"row justify-content-center align-items-center\">\n<div class=\"col-lg-5 mb-lg-0 mb-4\">\n<h2 class=\"padrao-titulo menor f-maior cor-site\"><span style=\"color: #ffffff;\"><strong>Suscr\u00edbete<\/strong> a nuestro bolet\u00edn informativo.<\/span><\/h2>\n<\/div>\n<div class=\"col-lg-3 d-flex justify-content-lg-end justify-content-center\"><a class=\"padrao-botao bg-site text-nowrap\" style=\"background-color: #ffffff; color: #0c6cf2;\" href=\"#modal-newsletter\"><br \/>\nQuiero registrarme<\/a><\/div>\n<\/div>\n<\/div>\n<\/section>\n<section class=\"cp-padrao bloco-extra-contato\">\n<div class=\"container\">\n<div class=\"row gx-lg-4 gx-3\">\n<div class=\"col-xl-3 col-lg-4 offset-xl-1 mb-lg-0 mb-normal\">\n<div class=\"meta-titulo-bloco\">\n<h2 class=\"padrao-titulo cor-site f-padrao\"><strong>Soluciones para todas las empresas<\/strong><\/h2>\n<div class=\"f-padrao\">\n<p>Ponte en contacto y descubre qu\u00e9 herramienta es mejor para tu negocio.<\/p>\n<\/div>\n<\/div>\n<div class=\"grupo-links-contato\">\n<h3 class=\"padrao-cartola\">encontre-nos<\/h3>\n<ul>\n<li><a href=\"https:\/\/www.interactsolutions.com\/es\/unidades-y-socios-en-brasil\/\" target=\"\" rel=\"noopener\"><br \/>\nUnidades y socios en Brasil<\/a><\/li>\n<li><a href=\"https:\/\/www.interactsolutions.com\/es\/distribuidores-y-socios-internacionales\/\" target=\"\" rel=\"noopener\"><br \/>\nDistribuidores y socios internacionales<\/a><\/li>\n<\/ul>\n<\/div>\n<\/div>\n<div class=\"col-lg-3 col-6 offset-lg-1\"><a class=\"botao-grande-contato bg-site\" href=\"#modal-full-formulario\"><br \/>\n<img decoding=\"async\" src=\"https:\/\/www.interactsolutions.com\/wp-content\/themes\/interactsolutions\/images\/bg-contato-1.jpg\" \/><\/a><\/p>\n<h5>Solicita contacto<\/h5>\n<p>&nbsp;<\/p>\n<\/div>\n<div class=\"col-lg-3 col-6\"><a class=\"botao-grande-contato bg-secundaria\" href=\"https:\/\/sa.interact.com.br\/sa\/custom\/apps\/CallServiceCenterLoginApplication.jsp\" target=\"_blank\" rel=\"noopener\"><br \/>\n<img decoding=\"async\" src=\"https:\/\/www.interactsolutions.com\/wp-content\/themes\/interactsolutions\/images\/bg-contato-2.jpg\" \/><\/a><\/p>\n<h5>Centro de<br \/>\nAtenci\u00f3n al Cliente<\/h5>\n<p>&nbsp;<\/p>\n<\/div>\n<\/div>\n<\/div>\n<\/section>\n<p>&nbsp;<\/p>\n","protected":false},"excerpt":{"rendered":"<p>&nbsp; Home Soluciones Interact Flow De la modelizaci\u00f3n de flujos al an\u00e1lisis de madurez en la gesti\u00f3n de procesos Conoce Interact Flow, nuestra herramienta gratuita, educativa y totalmente alineada con la notaci\u00f3n BPMN. \u00a0 Quiero empezar &nbsp; Una herramienta para\u2026<\/p>\n","protected":false},"author":2,"featured_media":0,"parent":0,"menu_order":56,"comment_status":"closed","ping_status":"closed","template":"","meta":{"_acf_changed":false,"inline_featured_image":false,"footnotes":""},"class_list":["post-6574","page","type-page","status-publish","hentry"],"acf":[],"yoast_head":"<!-- This site is optimized with the Yoast SEO plugin v27.5 - https:\/\/yoast.com\/product\/yoast-seo-wordpress\/ -->\n<title>Interact Flow - Interact Solutions<\/title>\n<meta name=\"robots\" content=\"index, follow, max-snippet:-1, max-image-preview:large, max-video-preview:-1\" \/>\n<link rel=\"canonical\" href=\"https:\/\/www.interactsolutions.com\/es\/interact-flow\/\" \/>\n<meta property=\"og:locale\" content=\"es_ES\" \/>\n<meta property=\"og:type\" content=\"article\" \/>\n<meta property=\"og:title\" content=\"Interact Flow - Interact Solutions\" \/>\n<meta property=\"og:description\" content=\"&nbsp; Home Soluciones Interact Flow De la modelizaci\u00f3n de flujos al an\u00e1lisis de madurez en la gesti\u00f3n de procesos Conoce Interact Flow, nuestra herramienta gratuita, educativa y totalmente alineada con la notaci\u00f3n BPMN. \u00a0 Quiero empezar &nbsp; Una herramienta para\u2026\" \/>\n<meta property=\"og:url\" content=\"https:\/\/www.interactsolutions.com\/es\/interact-flow\/\" \/>\n<meta property=\"og:site_name\" content=\"Interact Solutions\" \/>\n<meta property=\"article:modified_time\" content=\"2025-09-02T17:10:27+00:00\" \/>\n<meta property=\"og:image\" content=\"https:\/\/www.interactsolutions.com\/wp-content\/uploads\/2024\/02\/Banner-Site_Interact_Flow_1920x480px_Att.jpg\" \/>\n<meta name=\"twitter:card\" content=\"summary_large_image\" \/>\n<meta name=\"twitter:label1\" content=\"Tiempo de lectura\" \/>\n\t<meta name=\"twitter:data1\" content=\"4 minutos\" \/>\n<script type=\"application\/ld+json\" class=\"yoast-schema-graph\">{\"@context\":\"https:\\\/\\\/schema.org\",\"@graph\":[{\"@type\":\"WebPage\",\"@id\":\"https:\\\/\\\/www.interactsolutions.com\\\/es\\\/interact-flow\\\/\",\"url\":\"https:\\\/\\\/www.interactsolutions.com\\\/es\\\/interact-flow\\\/\",\"name\":\"Interact Flow - Interact Solutions\",\"isPartOf\":{\"@id\":\"https:\\\/\\\/www.interactsolutions.com\\\/es\\\/#website\"},\"primaryImageOfPage\":{\"@id\":\"https:\\\/\\\/www.interactsolutions.com\\\/es\\\/interact-flow\\\/#primaryimage\"},\"image\":{\"@id\":\"https:\\\/\\\/www.interactsolutions.com\\\/es\\\/interact-flow\\\/#primaryimage\"},\"thumbnailUrl\":\"https:\\\/\\\/www.interactsolutions.com\\\/wp-content\\\/uploads\\\/2024\\\/02\\\/Banner-Site_Interact_Flow_1920x480px_Att.jpg\",\"datePublished\":\"2023-08-21T12:54:53+00:00\",\"dateModified\":\"2025-09-02T17:10:27+00:00\",\"inLanguage\":\"es\",\"potentialAction\":[{\"@type\":\"ReadAction\",\"target\":[\"https:\\\/\\\/www.interactsolutions.com\\\/es\\\/interact-flow\\\/\"]}]},{\"@type\":\"ImageObject\",\"inLanguage\":\"es\",\"@id\":\"https:\\\/\\\/www.interactsolutions.com\\\/es\\\/interact-flow\\\/#primaryimage\",\"url\":\"https:\\\/\\\/www.interactsolutions.com\\\/wp-content\\\/uploads\\\/2024\\\/02\\\/Banner-Site_Interact_Flow_1920x480px_Att.jpg\",\"contentUrl\":\"https:\\\/\\\/www.interactsolutions.com\\\/wp-content\\\/uploads\\\/2024\\\/02\\\/Banner-Site_Interact_Flow_1920x480px_Att.jpg\"},{\"@type\":\"WebSite\",\"@id\":\"https:\\\/\\\/www.interactsolutions.com\\\/es\\\/#website\",\"url\":\"https:\\\/\\\/www.interactsolutions.com\\\/es\\\/\",\"name\":\"Interact Solutions\",\"description\":\"\",\"potentialAction\":[{\"@type\":\"SearchAction\",\"target\":{\"@type\":\"EntryPoint\",\"urlTemplate\":\"https:\\\/\\\/www.interactsolutions.com\\\/es\\\/?s={search_term_string}\"},\"query-input\":{\"@type\":\"PropertyValueSpecification\",\"valueRequired\":true,\"valueName\":\"search_term_string\"}}],\"inLanguage\":\"es\"}]}<\/script>\n<!-- \/ Yoast SEO plugin. -->","yoast_head_json":{"title":"Interact Flow - Interact Solutions","robots":{"index":"index","follow":"follow","max-snippet":"max-snippet:-1","max-image-preview":"max-image-preview:large","max-video-preview":"max-video-preview:-1"},"canonical":"https:\/\/www.interactsolutions.com\/es\/interact-flow\/","og_locale":"es_ES","og_type":"article","og_title":"Interact Flow - Interact Solutions","og_description":"&nbsp; Home Soluciones Interact Flow De la modelizaci\u00f3n de flujos al an\u00e1lisis de madurez en la gesti\u00f3n de procesos Conoce Interact Flow, nuestra herramienta gratuita, educativa y totalmente alineada con la notaci\u00f3n BPMN. \u00a0 Quiero empezar &nbsp; Una herramienta para\u2026","og_url":"https:\/\/www.interactsolutions.com\/es\/interact-flow\/","og_site_name":"Interact Solutions","article_modified_time":"2025-09-02T17:10:27+00:00","og_image":[{"url":"https:\/\/www.interactsolutions.com\/wp-content\/uploads\/2024\/02\/Banner-Site_Interact_Flow_1920x480px_Att.jpg","type":"","width":"","height":""}],"twitter_card":"summary_large_image","twitter_misc":{"Tiempo de lectura":"4 minutos"},"schema":{"@context":"https:\/\/schema.org","@graph":[{"@type":"WebPage","@id":"https:\/\/www.interactsolutions.com\/es\/interact-flow\/","url":"https:\/\/www.interactsolutions.com\/es\/interact-flow\/","name":"Interact Flow - Interact Solutions","isPartOf":{"@id":"https:\/\/www.interactsolutions.com\/es\/#website"},"primaryImageOfPage":{"@id":"https:\/\/www.interactsolutions.com\/es\/interact-flow\/#primaryimage"},"image":{"@id":"https:\/\/www.interactsolutions.com\/es\/interact-flow\/#primaryimage"},"thumbnailUrl":"https:\/\/www.interactsolutions.com\/wp-content\/uploads\/2024\/02\/Banner-Site_Interact_Flow_1920x480px_Att.jpg","datePublished":"2023-08-21T12:54:53+00:00","dateModified":"2025-09-02T17:10:27+00:00","inLanguage":"es","potentialAction":[{"@type":"ReadAction","target":["https:\/\/www.interactsolutions.com\/es\/interact-flow\/"]}]},{"@type":"ImageObject","inLanguage":"es","@id":"https:\/\/www.interactsolutions.com\/es\/interact-flow\/#primaryimage","url":"https:\/\/www.interactsolutions.com\/wp-content\/uploads\/2024\/02\/Banner-Site_Interact_Flow_1920x480px_Att.jpg","contentUrl":"https:\/\/www.interactsolutions.com\/wp-content\/uploads\/2024\/02\/Banner-Site_Interact_Flow_1920x480px_Att.jpg"},{"@type":"WebSite","@id":"https:\/\/www.interactsolutions.com\/es\/#website","url":"https:\/\/www.interactsolutions.com\/es\/","name":"Interact Solutions","description":"","potentialAction":[{"@type":"SearchAction","target":{"@type":"EntryPoint","urlTemplate":"https:\/\/www.interactsolutions.com\/es\/?s={search_term_string}"},"query-input":{"@type":"PropertyValueSpecification","valueRequired":true,"valueName":"search_term_string"}}],"inLanguage":"es"}]}},"_links":{"self":[{"href":"https:\/\/www.interactsolutions.com\/es\/wp-json\/wp\/v2\/pages\/6574","targetHints":{"allow":["GET"]}}],"collection":[{"href":"https:\/\/www.interactsolutions.com\/es\/wp-json\/wp\/v2\/pages"}],"about":[{"href":"https:\/\/www.interactsolutions.com\/es\/wp-json\/wp\/v2\/types\/page"}],"author":[{"embeddable":true,"href":"https:\/\/www.interactsolutions.com\/es\/wp-json\/wp\/v2\/users\/2"}],"replies":[{"embeddable":true,"href":"https:\/\/www.interactsolutions.com\/es\/wp-json\/wp\/v2\/comments?post=6574"}],"version-history":[{"count":28,"href":"https:\/\/www.interactsolutions.com\/es\/wp-json\/wp\/v2\/pages\/6574\/revisions"}],"predecessor-version":[{"id":15095,"href":"https:\/\/www.interactsolutions.com\/es\/wp-json\/wp\/v2\/pages\/6574\/revisions\/15095"}],"wp:attachment":[{"href":"https:\/\/www.interactsolutions.com\/es\/wp-json\/wp\/v2\/media?parent=6574"}],"curies":[{"name":"wp","href":"https:\/\/api.w.org\/{rel}","templated":true}]}}