{"id":6583,"date":"2023-08-22T11:16:55","date_gmt":"2023-08-22T14:16:55","guid":{"rendered":"https:\/\/www.interactsolutions.com\/?page_id=6583"},"modified":"2025-09-02T14:36:26","modified_gmt":"2025-09-02T17:36:26","slug":"interact-pocket","status":"publish","type":"page","link":"https:\/\/www.interactsolutions.com\/es\/interact-pocket\/","title":{"rendered":"Interact Pocket"},"content":{"rendered":"<p>&nbsp;<\/p>\n<section class=\"cp-banner align-items-lg-center margem-breadcrumb auto fontes-claras sem-filtro\" style=\"background: linear-gradient(140deg, #3a9cff 0%, #0a406b 100%);\"><img decoding=\"async\" class=\"imagem-fundo-banner\" src=\"https:\/\/www.interactsolutions.com\/wp-content\/uploads\/2024\/02\/Banner-Site_Interact_Pocket_1920x480px_Att.jpg\" \/><\/p>\n<div class=\"breadcrumb\">\n<div class=\"container\">\n<ul>\n<li><a href=\"https:\/\/www.interactsolutions.com\/es\/\">Home<\/a><\/li>\n<li><a href=\"https:\/\/www.interactsolutions.com\/es\/produtos\">Soluciones<\/a><\/li>\n<li>Interact Pocket<\/li>\n<\/ul>\n<\/div>\n<\/div>\n<div class=\"container\">\n<div class=\"row align-items-center\">\n<div class=\"col-xl-5 col-lg-6 col-md-9\">\n<div class=\"infos-bloco-padrao\">\n<h1 class=\"padrao-titulo cor-site f-padrao\"><strong>Tu gobernanza corporativa en cualquier momento y lugar<\/strong><\/h1>\n<div class=\"f-padrao\">\n<p>Descubre c\u00f3mo Interact Pocket puede transformar tu gesti\u00f3n.<\/p>\n<\/div>\n<p><a class=\"padrao-botao bg-site text-nowrap\" style=\"background-color: #ffffff; color: #0c6cf2;\" href=\"#modal-full-formulario\">\u00a0<\/a><\/p>\n<p>Habla con uno de nuestros consultores.<\/p>\n<p>&nbsp;<\/p>\n<\/div>\n<\/div>\n<div class=\"col-xl-4 col-lg-5 col-md-9 col-11 offset-xl-1\"><\/div>\n<\/div>\n<\/div>\n<\/section>\n<section class=\"cp-padrao \">\n<div class=\"container\">\n<div class=\"row justify-content-center\">\n<div class=\"col-xl-10\">\n<div class=\"infos-bloco-padrao ta-center\">\n<h2 class=\"padrao-titulo cor-site f-padrao\"><strong>En cualquier lugar, las 24 horas del d\u00eda.<\/strong><\/h2>\n<div class=\"f-padrao\">\n<p>Interact Pocket es la respuesta a la necesidad de una gesti\u00f3n \u00e1gil y eficaz, en cualquier lugar y en cualquier momento. Como una extensi\u00f3n de la poderosa Interact Suite SA, Interact Pocket re\u00fane las funcionalidades de los m\u00f3dulos SA Governance Manager, SA Process Manager, SA Audit Manager, SA Analytics Manager, SA Document Manager, SA Occurrence Manager, SA Project Manager y SA Risk Manager, ofreciendo una soluci\u00f3n completa de gobernanza corporativa que cabe en tu bolsillo.<\/p>\n<p>Ya sea que seas un gestor de procesos, un responsable de indicadores estrat\u00e9gicos, un auditor o simplemente alguien que desea estar siempre en control, Interact Pocket es la herramienta adecuada. Mantente conectado a la gesti\u00f3n de tu empresa, incluso cuando est\u00e1s en movimiento.<\/p>\n<\/div>\n<\/div>\n<\/div>\n<\/div>\n<\/div>\n<\/section>\n<section class=\"cp-padrao cp-cta pt-0 layout_card centralizado\" style=\"--cor-fundo: #3a9cff;\"><img decoding=\"async\" class=\"imagem-fundo-cta\" src=\"http:\/\/www.interactsolutions.com\/wp-content\/uploads\/2023\/10\/Interact-Solutions-SA-Pocket-lancamento.jpg\" \/><\/p>\n<div class=\"cp-cta__container\">\n<h2 class=\"padrao-titulo cor-site ta-center f-pequena\"><span class=\"padrao-titulo__centralizado\"><span style=\"color: #ffffff;\"><strong>Ten la gesti\u00f3n de tu empresa en tu bolsillo.<\/strong><\/span><\/span><\/h2>\n<div class=\"info-final-bloco \"><a class=\"padrao-botao bg-site centralizado \" style=\"background-color: #0a406b; color: #fff;\" href=\"#modal-full-formulario\"><br \/>\nQuiero saber m\u00e1s<\/a><\/div>\n<\/div>\n<\/section>\n<section class=\"cp-padrao cp-texto-imagem-video \">\n<div class=\"container\">\n<div class=\"row\">\n<div class=\"col-lg-4\">\n<div class=\"infos-bloco-padrao\">\n<h2 class=\"padrao-titulo cor-site f-padrao\"><strong>La gesti\u00f3n que cabe en tu bolsillo<\/strong><\/h2>\n<p>La soluci\u00f3n m\u00f3vil para la gesti\u00f3n \u00e1gil y eficiente de tu empresa, disponible las 24 horas del d\u00eda, que cabe en tu bolsillo. Interact Pocket, la extensi\u00f3n de Interact Suite SA, ofrece todas las funcionalidades que necesitas para mejorar tu gobernanza corporativa en movimiento. Facilita el d\u00eda a d\u00eda de tu empresa con Interact Pocket.<\/p>\n<\/div>\n<\/div>\n<div class=\"col-lg-7 offset-lg-1\">\n<figure class=\"fundo-video\"><img decoding=\"async\" src=\"http:\/\/www.interactsolutions.com\/wp-content\/uploads\/2024\/01\/INST_SITE_CAPAS-VIDEOS_POCKET.jpg\" \/><\/figure>\n<p>&nbsp;<\/p>\n<\/div>\n<\/div>\n<\/div>\n<\/section>\n<section class=\"cp-interact-app \" style=\"background-color: #ffffff;\">\n<div class=\"container\">\n<div class=\"row justify-content-md-start justify-content-center\">\n<div class=\"col-xl-4 col-lg-5 col-md-6 col-auto offset-xl-2 offset-lg-1\">\n<h2 class=\"padrao-titulo menor cor-site mb-md-0 mb-3\"><strong>Interact Pocket App<\/strong><\/h2>\n<h3 class=\"padrao-titulo menor mb-md-0 mb-2\">dispon\u00edvel para download<\/h3>\n<\/div>\n<div class=\"col-xl-4 col-lg-5 col-md-6 col-auto\">\n<div class=\"grid-apps-links mt-lg-0 mt-normal\"><a href=\"https:\/\/play.google.com\/store\/apps\/details?id=com.interact.sa.mobile&amp;pcampaignid=web_share\" target=\"_blank\" rel=\"noopener\"><br \/>\n<\/a><br \/>\n<a href=\"https:\/\/apps.apple.com\/br\/app\/interact-pocket\/id1597178910\" target=\"_blank\" rel=\"noopener\"><br \/>\n<\/a><\/div>\n<\/div>\n<\/div>\n<\/div>\n<\/section>\n<section class=\"cp-padrao cp-lista-beneficios \" style=\"background-color: #f3f3f3;\">\n<div class=\"container\">\n<h2 class=\"padrao-titulo cor-site mb-media f-padrao\"><span style=\"color: #3366ff;\"><strong>Nuestras caracter\u00edsticas distintivas<\/strong><\/span><\/h2>\n<ul>\n<li><i style=\"color: #0b6cf1;\"><br \/>\n<\/i><br \/>\n<span class=\"f-padrao\"><strong>Gesti\u00f3n de Procesos (BPM):<\/strong> Inicia y resuelve tareas de procesos automatizados en cualquier lugar. Marca como favoritos tus procesos m\u00e1s utilizados y supervisa tus actividades de manera \u00e1gil.<\/span><\/li>\n<li><i style=\"color: #0b6cf1;\"><br \/>\n<\/i><br \/>\n<span class=\"f-padrao\"><strong>Gesti\u00f3n de Indicadores (KPIs):<\/strong> Supervisa y alimenta tus indicadores estrat\u00e9gicos directamente en SA Governance Manager. Mantente actualizado sobre el rendimiento de tu empresa en cualquier momento.<\/span><\/li>\n<li><i style=\"color: #0b6cf1;\"><br \/>\n<\/i><br \/>\n<span class=\"f-padrao\"><strong>Auditor\u00edas en l\u00ednea y fuera de l\u00ednea:<\/strong> Interact Pocket est\u00e1 vinculado a SA Audit Manager, lo que te permite realizar auditor\u00edas incluso sin se\u00f1al de internet. Asegura la conformidad y la calidad en tiempo real.<\/span><\/li>\n<li><i style=\"color: #0b6cf1;\"><br \/>\n<\/i><br \/>\n<span class=\"f-padrao\"><strong>Agenda de Compromisos:<\/strong> Mantente organizado con la agenda integrada de Interact Pocket. Programa compromisos y sincroniza con tu calendario personal en Google Calendar para no perder nunca un compromiso importante.<\/span><\/li>\n<li><i style=\"color: #0b6cf1;\"><br \/>\n<\/i><br \/>\n<span class=\"f-padrao\"><strong>Comunicaci\u00f3n con Equipos:<\/strong> La herramienta de intercambio de mensajes integrada en Interact Pocket permite la comunicaci\u00f3n en tiempo real con tus colegas. Colabora de manera eficaz, no importa d\u00f3nde te encuentres.<\/span><\/li>\n<li><i style=\"color: #0b6cf1;\"><br \/>\n<\/i><br \/>\n<span class=\"f-padrao\"><strong>Gesti\u00f3n de Incidentes:<\/strong> Registre incidentes o no conformidades de forma r\u00e1pida y \u00e1gil, desde donde te encuentres.<\/span><\/li>\n<li><i style=\"color: #0b6cf1;\"><br \/>\n<\/i><br \/>\n<span class=\"f-padrao\"><strong>Gesti\u00f3n de Proyectos:<\/strong> Consulta las tareas pendientes y toma las medidas necesarias, adem\u00e1s, visualiza las estad\u00edsticas y detalles del proyecto.<\/span><\/li>\n<li><i style=\"color: #0b6cf1;\"><br \/>\n<\/i><br \/>\n<span class=\"f-padrao\"><strong>Gesti\u00f3n de Riesgos:<\/strong> Realiza el tratamiento de riesgos (aceptar, mitigar, transferir, eliminar) que ha alcanzado un nivel de alerta seg\u00fan la regla definida en la unidad de negocio.<\/span><\/li>\n<li><i style=\"color: #0b6cf1;\"><br \/>\n<\/i><br \/>\n<span class=\"f-padrao\"><strong>Gesti\u00f3n de Documentos:<\/strong> Puedes leer documentos que est\u00e1n en tu cartera, adem\u00e1s de confirmar la lectura y reducir las tareas pendientes de tu agenda.<\/span><\/li>\n<\/ul>\n<\/div>\n<\/section>\n<section class=\"cp-padrao \">\n<div class=\"container\">\n<div class=\"row justify-content-center\">\n<div class=\"col-xl-8\">\n<div class=\"infos-bloco-padrao ta-center\">\n<h2 class=\"padrao-titulo cor-site f-padrao\"><span style=\"color: #3366ff;\"><strong>Conoce nuestros m\u00f3dulos<\/strong><\/span><\/h2>\n<\/div>\n<\/div>\n<\/div>\n<div class=\"modulos mt-media count-8\"><a class=\"modulos__item\" href=\"https:\/\/www.interactsolutions.com\/es\/modulos\/sa-governance-manager\/\">\n<picture class=\"logo-modulo\"> <img decoding=\"async\" src=\"http:\/\/www.interactsolutions.com\/wp-content\/uploads\/2023\/08\/sa-governance-manager-small.png\" \/><\/picture> <\/a><br \/>\n<a class=\"modulos__item\" href=\"https:\/\/www.interactsolutions.com\/es\/modulos\/sa-process-manager\/\">\n<picture class=\"logo-modulo\"> <img decoding=\"async\" src=\"http:\/\/www.interactsolutions.com\/wp-content\/uploads\/2023\/08\/Process-1-1.png\" \/><\/picture> <\/a><br \/>\n<a class=\"modulos__item\" href=\"https:\/\/www.interactsolutions.com\/es\/modulos\/sa-audit-manager\/\">\n<picture class=\"logo-modulo\"> <img decoding=\"async\" src=\"http:\/\/www.interactsolutions.com\/wp-content\/uploads\/2023\/08\/Audit-1-1.png\" \/><\/picture> <\/a><br \/>\n<a class=\"modulos__item\" href=\"https:\/\/www.interactsolutions.com\/es\/modulos\/sa-analytics-manager\/\">\n<picture class=\"logo-modulo\"> <img decoding=\"async\" src=\"http:\/\/www.interactsolutions.com\/wp-content\/uploads\/2023\/08\/Analytics-1-2.png\" \/><\/picture> <\/a><br \/>\n<a class=\"modulos__item\" href=\"https:\/\/www.interactsolutions.com\/es\/modulos\/sa-document-manager\/\">\n<picture class=\"logo-modulo\"> <img decoding=\"async\" src=\"http:\/\/www.interactsolutions.com\/wp-content\/uploads\/2023\/08\/Document-1-1-600x261.png\" \/><\/picture> <\/a><br \/>\n<a class=\"modulos__item\" href=\"https:\/\/www.interactsolutions.com\/es\/modulos\/sa-occurrence-manager\/\">\n<picture class=\"logo-modulo\"> <img decoding=\"async\" src=\"http:\/\/www.interactsolutions.com\/wp-content\/uploads\/2023\/08\/Ocurrence-1-1-600x250.png\" \/><\/picture> <\/a><br \/>\n<a class=\"modulos__item\" href=\"https:\/\/www.interactsolutions.com\/es\/modulos\/sa-project-manager\/\">\n<picture class=\"logo-modulo\"> <img decoding=\"async\" src=\"http:\/\/www.interactsolutions.com\/wp-content\/uploads\/2023\/08\/Project-2-1.png\" \/><\/picture> <\/a><br \/>\n<a class=\"modulos__item\" href=\"https:\/\/www.interactsolutions.com\/es\/modulos\/sa-risk-manager\/\">\n<picture class=\"logo-modulo\"> <img decoding=\"async\" src=\"http:\/\/www.interactsolutions.com\/wp-content\/uploads\/2023\/08\/Risk-3-1.png\" \/><\/picture> <\/a><\/div>\n<\/div>\n<\/section>\n<section class=\"cp-padrao bloco-extra-contato\">\n<div class=\"container\">\n<div class=\"row gx-lg-4 gx-3\">\n<div class=\"col-xl-3 col-lg-4 offset-xl-1 mb-lg-0 mb-normal\">\n<div class=\"meta-titulo-bloco\">\n<h2 class=\"padrao-titulo cor-site f-padrao\"><strong>Soluciones para todas las empresas<\/strong><\/h2>\n<div class=\"f-padrao\">\n<p>Ponte en contacto y descubre qu\u00e9 herramienta es mejor para tu negocio.<\/p>\n<\/div>\n<\/div>\n<div class=\"grupo-links-contato\">\n<h3 class=\"padrao-cartola\">encontre-nos<\/h3>\n<ul>\n<li><a href=\"https:\/\/www.interactsolutions.com\/es\/unidades-y-socios-en-brasil\/\" target=\"\" rel=\"noopener\"><br \/>\nUnidades y socios en Brasil<\/a><\/li>\n<li><a href=\"https:\/\/www.interactsolutions.com\/es\/distribuidores-y-socios-internacionales\/\" target=\"\" rel=\"noopener\"><br \/>\nDistribuidores y socios internacionales<\/a><\/li>\n<\/ul>\n<\/div>\n<\/div>\n<div class=\"col-lg-3 col-6 offset-lg-1\"><a class=\"botao-grande-contato bg-site\" href=\"#modal-full-formulario\"><br \/>\n<img decoding=\"async\" src=\"https:\/\/www.interactsolutions.com\/wp-content\/themes\/interactsolutions\/images\/bg-contato-1.jpg\" \/><\/a><\/p>\n<h5>Solicita contacto<\/h5>\n<p>&nbsp;<\/p>\n<\/div>\n<div class=\"col-lg-3 col-6\"><a class=\"botao-grande-contato bg-secundaria\" href=\"https:\/\/sa.interact.com.br\/sa\/custom\/apps\/CallServiceCenterLoginApplication.jsp\" target=\"_blank\" rel=\"noopener\"><br \/>\n<img decoding=\"async\" src=\"https:\/\/www.interactsolutions.com\/wp-content\/themes\/interactsolutions\/images\/bg-contato-2.jpg\" \/><\/a><\/p>\n<h5>Centro de<br \/>\nAtenci\u00f3n al Cliente<\/h5>\n<p>&nbsp;<\/p>\n<\/div>\n<\/div>\n<\/div>\n<\/section>\n<p>&nbsp;<\/p>\n","protected":false},"excerpt":{"rendered":"<p>&nbsp; Home Soluciones Interact Pocket Tu gobernanza corporativa en cualquier momento y lugar Descubre c\u00f3mo Interact Pocket puede transformar tu gesti\u00f3n. \u00a0 Habla con uno de nuestros consultores. &nbsp; En cualquier lugar, las 24 horas del d\u00eda. Interact Pocket es\u2026<\/p>\n","protected":false},"author":2,"featured_media":0,"parent":0,"menu_order":59,"comment_status":"closed","ping_status":"closed","template":"","meta":{"_acf_changed":false,"inline_featured_image":false,"footnotes":""},"class_list":["post-6583","page","type-page","status-publish","hentry"],"acf":[],"yoast_head":"<!-- This site is optimized with the Yoast SEO plugin v22.1 - https:\/\/yoast.com\/wordpress\/plugins\/seo\/ -->\n<title>Interact Pocket - Interact Solutions<\/title>\n<meta name=\"robots\" content=\"index, follow, max-snippet:-1, max-image-preview:large, max-video-preview:-1\" \/>\n<link rel=\"canonical\" href=\"https:\/\/www.interactsolutions.com\/es\/interact-pocket\/\" \/>\n<meta property=\"og:locale\" content=\"es_ES\" \/>\n<meta property=\"og:type\" content=\"article\" \/>\n<meta property=\"og:title\" content=\"Interact Pocket - Interact Solutions\" \/>\n<meta property=\"og:description\" content=\"&nbsp; Home Soluciones Interact Pocket Tu gobernanza corporativa en cualquier momento y lugar Descubre c\u00f3mo Interact Pocket puede transformar tu gesti\u00f3n. \u00a0 Habla con uno de nuestros consultores. &nbsp; En cualquier lugar, las 24 horas del d\u00eda. Interact Pocket es\u2026\" \/>\n<meta property=\"og:url\" content=\"https:\/\/www.interactsolutions.com\/es\/interact-pocket\/\" \/>\n<meta property=\"og:site_name\" content=\"Interact Solutions\" \/>\n<meta property=\"article:modified_time\" content=\"2025-09-02T17:36:26+00:00\" \/>\n<meta property=\"og:image\" content=\"https:\/\/www.interactsolutions.com\/wp-content\/uploads\/2024\/02\/Banner-Site_Interact_Pocket_1920x480px_Att.jpg\" \/>\n<meta name=\"twitter:card\" content=\"summary_large_image\" \/>\n<meta name=\"twitter:label1\" content=\"Tiempo de lectura\" \/>\n\t<meta name=\"twitter:data1\" content=\"6 minutos\" \/>\n<script type=\"application\/ld+json\" class=\"yoast-schema-graph\">{\"@context\":\"https:\/\/schema.org\",\"@graph\":[{\"@type\":\"WebPage\",\"@id\":\"https:\/\/www.interactsolutions.com\/es\/interact-pocket\/\",\"url\":\"https:\/\/www.interactsolutions.com\/es\/interact-pocket\/\",\"name\":\"Interact Pocket - Interact Solutions\",\"isPartOf\":{\"@id\":\"https:\/\/www.interactsolutions.com\/es\/#website\"},\"datePublished\":\"2023-08-22T14:16:55+00:00\",\"dateModified\":\"2025-09-02T17:36:26+00:00\",\"inLanguage\":\"es\",\"potentialAction\":[{\"@type\":\"ReadAction\",\"target\":[\"https:\/\/www.interactsolutions.com\/es\/interact-pocket\/\"]}]},{\"@type\":\"WebSite\",\"@id\":\"https:\/\/www.interactsolutions.com\/es\/#website\",\"url\":\"https:\/\/www.interactsolutions.com\/es\/\",\"name\":\"Interact Solutions\",\"description\":\"\",\"potentialAction\":[{\"@type\":\"SearchAction\",\"target\":{\"@type\":\"EntryPoint\",\"urlTemplate\":\"https:\/\/www.interactsolutions.com\/es\/?s={search_term_string}\"},\"query-input\":\"required name=search_term_string\"}],\"inLanguage\":\"es\"}]}<\/script>\n<!-- \/ Yoast SEO plugin. -->","yoast_head_json":{"title":"Interact Pocket - Interact Solutions","robots":{"index":"index","follow":"follow","max-snippet":"max-snippet:-1","max-image-preview":"max-image-preview:large","max-video-preview":"max-video-preview:-1"},"canonical":"https:\/\/www.interactsolutions.com\/es\/interact-pocket\/","og_locale":"es_ES","og_type":"article","og_title":"Interact Pocket - Interact Solutions","og_description":"&nbsp; Home Soluciones Interact Pocket Tu gobernanza corporativa en cualquier momento y lugar Descubre c\u00f3mo Interact Pocket puede transformar tu gesti\u00f3n. \u00a0 Habla con uno de nuestros consultores. &nbsp; En cualquier lugar, las 24 horas del d\u00eda. Interact Pocket es\u2026","og_url":"https:\/\/www.interactsolutions.com\/es\/interact-pocket\/","og_site_name":"Interact Solutions","article_modified_time":"2025-09-02T17:36:26+00:00","og_image":[{"url":"https:\/\/www.interactsolutions.com\/wp-content\/uploads\/2024\/02\/Banner-Site_Interact_Pocket_1920x480px_Att.jpg"}],"twitter_card":"summary_large_image","twitter_misc":{"Tiempo de lectura":"6 minutos"},"schema":{"@context":"https:\/\/schema.org","@graph":[{"@type":"WebPage","@id":"https:\/\/www.interactsolutions.com\/es\/interact-pocket\/","url":"https:\/\/www.interactsolutions.com\/es\/interact-pocket\/","name":"Interact Pocket - Interact Solutions","isPartOf":{"@id":"https:\/\/www.interactsolutions.com\/es\/#website"},"datePublished":"2023-08-22T14:16:55+00:00","dateModified":"2025-09-02T17:36:26+00:00","inLanguage":"es","potentialAction":[{"@type":"ReadAction","target":["https:\/\/www.interactsolutions.com\/es\/interact-pocket\/"]}]},{"@type":"WebSite","@id":"https:\/\/www.interactsolutions.com\/es\/#website","url":"https:\/\/www.interactsolutions.com\/es\/","name":"Interact Solutions","description":"","potentialAction":[{"@type":"SearchAction","target":{"@type":"EntryPoint","urlTemplate":"https:\/\/www.interactsolutions.com\/es\/?s={search_term_string}"},"query-input":"required name=search_term_string"}],"inLanguage":"es"}]}},"_links":{"self":[{"href":"https:\/\/www.interactsolutions.com\/es\/wp-json\/wp\/v2\/pages\/6583","targetHints":{"allow":["GET"]}}],"collection":[{"href":"https:\/\/www.interactsolutions.com\/es\/wp-json\/wp\/v2\/pages"}],"about":[{"href":"https:\/\/www.interactsolutions.com\/es\/wp-json\/wp\/v2\/types\/page"}],"author":[{"embeddable":true,"href":"https:\/\/www.interactsolutions.com\/es\/wp-json\/wp\/v2\/users\/2"}],"replies":[{"embeddable":true,"href":"https:\/\/www.interactsolutions.com\/es\/wp-json\/wp\/v2\/comments?post=6583"}],"version-history":[{"count":23,"href":"https:\/\/www.interactsolutions.com\/es\/wp-json\/wp\/v2\/pages\/6583\/revisions"}],"predecessor-version":[{"id":15121,"href":"https:\/\/www.interactsolutions.com\/es\/wp-json\/wp\/v2\/pages\/6583\/revisions\/15121"}],"wp:attachment":[{"href":"https:\/\/www.interactsolutions.com\/es\/wp-json\/wp\/v2\/media?parent=6583"}],"curies":[{"name":"wp","href":"https:\/\/api.w.org\/{rel}","templated":true}]}}