{"id":7954,"date":"2023-08-23T16:17:09","date_gmt":"2023-08-23T19:17:09","guid":{"rendered":"https:\/\/www.interactsolutions.com\/consultoria\/"},"modified":"2025-08-20T14:56:16","modified_gmt":"2025-08-20T17:56:16","slug":"consultoria","status":"publish","type":"page","link":"https:\/\/www.interactsolutions.com\/es\/consultoria\/","title":{"rendered":"Consultor\u00eda"},"content":{"rendered":"<p>&nbsp;<\/p>\n<section class=\"cp-banner align-items-lg-center margem-breadcrumb auto fontes-claras sem-filtro\" style=\"background: linear-gradient(140deg, #0a406b 0%, #74b9ff 100%);\"><img decoding=\"async\" class=\"imagem-fundo-banner\" src=\"https:\/\/www.interactsolutions.com\/wp-content\/uploads\/2023\/08\/Banner-Site_Interact_SA-Analytics-Manager_1920x480px_Att-1.jpg\" \/><\/p>\n<div class=\"breadcrumb\">\n<div class=\"container\">\n<ul>\n<li><a href=\"https:\/\/www.interactsolutions.com\/es\/\">Home<\/a><\/li>\n<li><a href=\"https:\/\/www.interactsolutions.com\/es\/produtos\">Soluciones<\/a><\/li>\n<li>Consultor\u00eda<\/li>\n<\/ul>\n<\/div>\n<\/div>\n<div class=\"container\">\n<div class=\"row align-items-center\">\n<div class=\"col-xl-5 col-lg-6 col-md-9\">\n<div class=\"infos-bloco-padrao\">\n<h1 class=\"padrao-titulo cor-site f-padrao\"><strong>Una soluci\u00f3n especializada para potenciar su negocio<\/strong><\/h1>\n<p><a class=\"padrao-botao bg-site text-nowrap\" style=\"background-color: #ffffff; color: #0c6cf2;\" href=\"#modal-full-formulario\"><br \/>\nQuiero contratar<\/a><\/p>\n<p>&nbsp;<\/p>\n<\/div>\n<\/div>\n<div class=\"col-xl-4 col-lg-5 col-md-9 col-11 offset-xl-1\"><\/div>\n<\/div>\n<\/div>\n<\/section>\n<section class=\"cp-padrao \">\n<div class=\"container\">\n<div class=\"row justify-content-center\">\n<div class=\"col-xl-10\">\n<div class=\"infos-bloco-padrao ta-center\">\n<h2 class=\"padrao-titulo cor-site f-padrao\"><strong>Fortalezca su negocio<\/strong><\/h2>\n<div class=\"f-padrao\">\n<p>Las consultor\u00edas son recomendadas para acelerar la gesti\u00f3n de proyectos, trazar nuevas perspectivas, crecimiento exponencial o desacelerado, insatisfacci\u00f3n de clientes, entre otros. Adem\u00e1s, puede potenciar su negocio y prepararlo para los pr\u00f3ximos pasos en la planificaci\u00f3n.<\/p>\n<p>Interact cuenta con un equipo de socios especializados y preparados para apoyarlo, independientemente del estado de su empresa.<\/p>\n<\/div>\n<\/div>\n<\/div>\n<\/div>\n<\/div>\n<\/section>\n<section class=\"cp-padrao \">\n<div class=\"container\">\n<h2 class=\"padrao-titulo f-media\">Consultor\u00eda<\/h2>\n<div class=\"row mt-normal\">\n<div class=\"col-lg-4 col-md-6 mb-3\">\n<div class=\"cp-card-canal w-100 ta-left\" data-fancybox=\"\">\n<div class=\"cp-card-canal__body \">\n<h3>FB Gest\u00e3o de Projetos<\/h3>\n<h4>Lajeado<\/h4>\n<div class=\"cp-card-canal__conteudo\">\n<p>&nbsp;<\/p>\n<p>&nbsp;<\/p>\n<address>Rua Liberato Salzano Vieira da Cunha, 409, sala 104 &#8211; B. Americano<\/address>\n<p>&nbsp;<\/p>\n<p>&nbsp;<\/p>\n<p>&nbsp;<\/p>\n<h4>(51) 9 8190 1784<\/h4>\n<p>&nbsp;<\/p>\n<p><a href=\"mailto:contato@fbgestaodeprojetos.com.br\" target=\"_blank\" rel=\"noopener noreferrer\">\u00a0<\/a><\/p>\n<h4>contato@fbgestaodeprojetos.com.br<\/h4>\n<p>&nbsp;<\/p>\n<p><a href=\"mailto:fabiana.brugmann@interact.com.br\" target=\"_blank\" rel=\"noopener noreferrer\">\u00a0<\/a><\/p>\n<h4>fabiana.brugmann@interact.com.br<\/h4>\n<p>&nbsp;<\/p>\n<\/div>\n<\/div>\n<div class=\"cp-card-canal__grupo-tags\"><small class=\"cp-card-canal__tag\">Consultoria<\/small><br \/>\n<small class=\"cp-card-canal__tag\">Comercial Partner<\/small><\/div>\n<\/div>\n<div id=\"modal-full-fb-gestao-de-projetos\">\n<div class=\"container\">\n<div class=\"row justify-content-center\">\n<div class=\"col-lg-8\">\n<div class=\"infos-bloco-padrao\">\n<p>&nbsp;<\/p>\n<p>&nbsp;<\/p>\n<h2 class=\"padrao-titulo cor-site\">Consultoria<\/h2>\n<p>CONSULTOR\u00cdA EN GESTI\u00d3N DE PROYECTOS<\/p>\n<p>Al contratar nuestra consultor\u00eda, estaremos asistiendo a su organizaci\u00f3n en la estructuraci\u00f3n de una Metodolog\u00eda de Gesti\u00f3n de Proyectos coherente con la cultura y valores de la empresa, siguiendo las mejores pr\u00e1cticas recomendadas en la gesti\u00f3n de proyectos seg\u00fan la Gu\u00eda PMBOK.<\/p>\n<p>El proyecto de consultor\u00eda incluye:<\/p>\n<ol>\n<li>Definici\u00f3n de la estructura funcional, incluyendo roles y responsabilidades de los involucrados.<\/li>\n<li>Definici\u00f3n de los Procesos de Proyecto:\n<ul>\n<li>Inclusi\u00f3n de responsabilidades, actividades, documentos, herramientas y t\u00e9cnicas en los procesos de inicio, planificaci\u00f3n, ejecuci\u00f3n, monitoreo y control, y cierre.<\/li>\n<\/ul>\n<\/li>\n<li>Capacitaci\u00f3n de los Colaboradores:\n<ul>\n<li>Enfoque en la preparaci\u00f3n de los colaboradores responsables de la gesti\u00f3n de proyectos y gesti\u00f3n del portafolio.<\/li>\n<\/ul>\n<\/li>\n<li>Indicadores y herramientas para apoyar la gesti\u00f3n de proyectos:\n<ul>\n<li>Definici\u00f3n de indicadores para el control de proyectos.<\/li>\n<li>Implementaci\u00f3n de software para la gesti\u00f3n de proyectos.<\/li>\n<\/ul>\n<\/li>\n<\/ol>\n<p>BENEFICIOS<\/p>\n<ul>\n<li>Garantizar que las estrategias organizacionales se ejecuten y entreguen en tiempo y presupuesto.<\/li>\n<li>Optimizar la asignaci\u00f3n de recursos entre los proyectos, maximizando la eficiencia operativa.<\/li>\n<li>Facilitar una comunicaci\u00f3n transparente entre las partes interesadas, promoviendo la satisfacci\u00f3n del cliente y fortaleciendo relaciones.<\/li>\n<li>Crear un ambiente propicio para la innovaci\u00f3n y la creatividad, impulsando la adaptaci\u00f3n a los cambios y el desarrollo continuo de habilidades en los equipos.<\/li>\n<\/ul>\n<p>CAPACITACIONES Y CURSOS<\/p>\n<p><strong>PLANEANDO PROYECTOS CON PROJECT MODEL CANVAS<\/strong><\/p>\n<p>Este curso tiene como objetivo presentar los principales conceptos de un proyecto y ense\u00f1ar a planificar de manera colaborativa y pr\u00e1ctica, utilizando la herramienta Project Model Canvas. Se abordar\u00e1n temas como alcance, cronograma, costos, recursos, riesgos, partes interesadas e integraci\u00f3n. Los participantes aprender\u00e1n a aplicar estos conceptos en un proyecto real, utilizando la herramienta Project Model Canvas para crear un plan de proyecto completo y eficiente. Al final del curso, los participantes estar\u00e1n capacitados para llevar a cabo las estrategias, creando un plan estructurado para la ejecuci\u00f3n y logro del objetivo.<\/p>\n<p><strong>P\u00daBLICO OBJETIVO<\/strong><\/p>\n<p>Profesionales que trabajan en la gesti\u00f3n de proyectos, planificaci\u00f3n estrat\u00e9gica, calidad organizativa, gerentes, l\u00edderes o cualquier persona que desee desarrollarse en el \u00e1rea de gesti\u00f3n de proyectos.<\/p>\n<p><strong>DURACI\u00d3N<\/strong><\/p>\n<p>El curso tiene una duraci\u00f3n de 6 horas.<\/p>\n<p><strong>PMDAY: FUNDAMENTOS ESENCIALES EN GESTI\u00d3N DE PROYECTOS<\/strong><\/p>\n<p>Un d\u00eda dedicado a presentar los conceptos fundamentales, desde proyectos, programas y carteras hasta los roles involucrados, procesos, \u00e1reas de conocimiento y documentos clave. En un entorno din\u00e1mico, invitamos a los participantes a descubrir la gesti\u00f3n de proyectos a trav\u00e9s de actividades pr\u00e1cticas e interactivas.<\/p>\n<p><strong>P\u00daBLICO OBJETIVO<\/strong><\/p>\n<p>Profesionales que deseen dar los primeros pasos en el mundo de la gesti\u00f3n de proyectos, pero que se sientan indecisos sobre por d\u00f3nde empezar.<\/p>\n<p><strong>DURACI\u00d3N<\/strong><\/p>\n<p>El curso tiene una duraci\u00f3n de 6 horas.<\/p>\n<p><strong>ESTRUCTURANDO PROYECTOS CON LAS BUENAS PR\u00c1CTICAS DE LA GU\u00cdA PMBOK<\/strong><\/p>\n<p>Este curso tiene como objetivo capacitar a los participantes en las buenas pr\u00e1cticas de Gesti\u00f3n de Proyectos, considerando la Gu\u00eda PMBOK (sexta edici\u00f3n). Los participantes ser\u00e1n invitados a desarrollar un proyecto completo abordando los procesos de inicio, planificaci\u00f3n, ejecuci\u00f3n, monitoreo y control, y cierre del proyecto, atravesando las diez \u00e1reas de conocimiento de un proyecto. El desarrollo pr\u00e1ctico del proyecto se realiza en un software espec\u00edfico para la Gesti\u00f3n de Proyectos.<\/p>\n<p><strong>P\u00daBLICO OBJETIVO<\/strong><\/p>\n<p>Profesionales que trabajan en la gesti\u00f3n de proyectos, planificaci\u00f3n estrat\u00e9gica, calidad organizativa, gerentes, l\u00edderes o cualquier persona que desee desarrollarse en el \u00e1rea de gesti\u00f3n de proyectos.<\/p>\n<p><strong>DURACI\u00d3N<\/strong><\/p>\n<p>El curso tiene una duraci\u00f3n de 40 horas.<\/p>\n<\/div>\n<\/div>\n<\/div>\n<\/div>\n<\/div>\n<\/div>\n<\/div>\n<\/div>\n<\/section>\n<section class=\"cp-padrao cp-cta layout_padrao \" style=\"--cor-fundo: #0c6cf2;\">\n<div class=\"cp-cta__container\">\n<h2 class=\"padrao-titulo cor-site ta-center f-padrao\"><span style=\"color: #ffffff;\"><strong>\u00bfQuieres m\u00e1s informaci\u00f3n sobre nuestras consultor\u00edas?<\/strong><\/span><\/h2>\n<div class=\"info-final-bloco \">\n<h4 class=\"f-padrao\"><span style=\"color: #ffffff;\">Proporcione sus datos para que podamos contactarlo lo antes posible.<\/span><\/h4>\n<p><a class=\"padrao-botao bg-site text-nowrap\" style=\"background-color: #ffffff; color: #0c6cf2;\" href=\"#modal-full-formulario\"><br \/>\nQuiero recibir contacto.<\/a><\/p>\n<p>&nbsp;<\/p>\n<\/div>\n<\/div>\n<\/section>\n<section class=\"cp-padrao bloco-extra-contato\">\n<div class=\"container\">\n<div class=\"row gx-lg-4 gx-3\">\n<div class=\"col-xl-3 col-lg-4 offset-xl-1 mb-lg-0 mb-normal\">\n<div class=\"meta-titulo-bloco\">\n<h2 class=\"padrao-titulo cor-site f-padrao\"><strong>Soluciones para todas las empresas<\/strong><\/h2>\n<div class=\"f-padrao\">\n<p>Ponte en contacto y descubre qu\u00e9 herramienta es mejor para tu negocio.<\/p>\n<\/div>\n<\/div>\n<div class=\"grupo-links-contato\">\n<h3 class=\"padrao-cartola\">encontre-nos<\/h3>\n<ul>\n<li><a href=\"https:\/\/www.interactsolutions.com\/es\/unidades-y-socios-en-brasil\/\" target=\"\" rel=\"noopener\"><br \/>\nUnidades y socios en Brasil<\/a>&nbsp;<\/li>\n<li><a href=\"https:\/\/www.interactsolutions.com\/es\/distribuidores-y-socios-internacionales\/\" target=\"\" rel=\"noopener\"><br \/>\nDistribuidores y socios internacionales<\/a>&nbsp;<\/li>\n<\/ul>\n<\/div>\n<\/div>\n<div class=\"col-lg-3 col-6 offset-lg-1\"><a class=\"botao-grande-contato bg-site\" href=\"#modal-full-formulario\"><br \/>\n<img decoding=\"async\" src=\"https:\/\/www.interactsolutions.com\/wp-content\/themes\/interactsolutions\/images\/bg-contato-1.jpg\" \/><\/a><\/p>\n<h5>Solicita contacto<\/h5>\n<p>&nbsp;<\/p>\n<\/div>\n<div class=\"col-lg-3 col-6\"><a class=\"botao-grande-contato bg-secundaria\" href=\"https:\/\/sa.interact.com.br\/sa\/custom\/apps\/CallServiceCenterLoginApplication.jsp\" target=\"_blank\" rel=\"noopener\"><br \/>\n<img decoding=\"async\" src=\"https:\/\/www.interactsolutions.com\/wp-content\/themes\/interactsolutions\/images\/bg-contato-2.jpg\" \/><\/a><\/p>\n<h5>Centro de<br \/>\nAtenci\u00f3n al Cliente<\/h5>\n<p>&nbsp;<\/p>\n<\/div>\n<\/div>\n<\/div>\n<\/section>\n<p>&nbsp;<\/p>\n","protected":false},"excerpt":{"rendered":"<p>&nbsp; Home Soluciones Consultor\u00eda Una soluci\u00f3n especializada para potenciar su negocio Quiero contratar &nbsp; Fortalezca su negocio Las consultor\u00edas son recomendadas para acelerar la gesti\u00f3n de proyectos, trazar nuevas perspectivas, crecimiento exponencial o desacelerado, insatisfacci\u00f3n de clientes, entre otros. Adem\u00e1s,\u2026<\/p>\n","protected":false},"author":1,"featured_media":0,"parent":0,"menu_order":34,"comment_status":"closed","ping_status":"closed","template":"","meta":{"_acf_changed":false,"inline_featured_image":false,"footnotes":""},"class_list":["post-7954","page","type-page","status-publish","hentry"],"acf":[],"yoast_head":"<!-- This site is optimized with the Yoast SEO plugin v22.1 - https:\/\/yoast.com\/wordpress\/plugins\/seo\/ -->\n<title>Consultor\u00eda - Interact Solutions<\/title>\n<meta name=\"robots\" content=\"index, follow, max-snippet:-1, max-image-preview:large, max-video-preview:-1\" \/>\n<link rel=\"canonical\" href=\"https:\/\/www.interactsolutions.com\/es\/consultoria\/\" \/>\n<meta property=\"og:locale\" content=\"es_ES\" \/>\n<meta property=\"og:type\" content=\"article\" \/>\n<meta property=\"og:title\" content=\"Consultor\u00eda - Interact Solutions\" \/>\n<meta property=\"og:description\" content=\"&nbsp; Home Soluciones Consultor\u00eda Una soluci\u00f3n especializada para potenciar su negocio Quiero contratar &nbsp; Fortalezca su negocio Las consultor\u00edas son recomendadas para acelerar la gesti\u00f3n de proyectos, trazar nuevas perspectivas, crecimiento exponencial o desacelerado, insatisfacci\u00f3n de clientes, entre otros. Adem\u00e1s,\u2026\" \/>\n<meta property=\"og:url\" content=\"https:\/\/www.interactsolutions.com\/es\/consultoria\/\" \/>\n<meta property=\"og:site_name\" content=\"Interact Solutions\" \/>\n<meta property=\"article:modified_time\" content=\"2025-08-20T17:56:16+00:00\" \/>\n<meta property=\"og:image\" content=\"https:\/\/www.interactsolutions.com\/wp-content\/uploads\/2023\/08\/Banner-Site_Interact_SA-Analytics-Manager_1920x480px_Att-1.jpg\" \/>\n<meta name=\"twitter:card\" content=\"summary_large_image\" \/>\n<meta name=\"twitter:label1\" content=\"Tiempo de lectura\" \/>\n\t<meta name=\"twitter:data1\" content=\"5 minutos\" \/>\n<script type=\"application\/ld+json\" class=\"yoast-schema-graph\">{\"@context\":\"https:\/\/schema.org\",\"@graph\":[{\"@type\":\"WebPage\",\"@id\":\"https:\/\/www.interactsolutions.com\/es\/consultoria\/\",\"url\":\"https:\/\/www.interactsolutions.com\/es\/consultoria\/\",\"name\":\"Consultor\u00eda - Interact Solutions\",\"isPartOf\":{\"@id\":\"https:\/\/www.interactsolutions.com\/es\/#website\"},\"datePublished\":\"2023-08-23T19:17:09+00:00\",\"dateModified\":\"2025-08-20T17:56:16+00:00\",\"inLanguage\":\"es\",\"potentialAction\":[{\"@type\":\"ReadAction\",\"target\":[\"https:\/\/www.interactsolutions.com\/es\/consultoria\/\"]}]},{\"@type\":\"WebSite\",\"@id\":\"https:\/\/www.interactsolutions.com\/es\/#website\",\"url\":\"https:\/\/www.interactsolutions.com\/es\/\",\"name\":\"Interact Solutions\",\"description\":\"\",\"potentialAction\":[{\"@type\":\"SearchAction\",\"target\":{\"@type\":\"EntryPoint\",\"urlTemplate\":\"https:\/\/www.interactsolutions.com\/es\/?s={search_term_string}\"},\"query-input\":\"required name=search_term_string\"}],\"inLanguage\":\"es\"}]}<\/script>\n<!-- \/ Yoast SEO plugin. -->","yoast_head_json":{"title":"Consultor\u00eda - Interact Solutions","robots":{"index":"index","follow":"follow","max-snippet":"max-snippet:-1","max-image-preview":"max-image-preview:large","max-video-preview":"max-video-preview:-1"},"canonical":"https:\/\/www.interactsolutions.com\/es\/consultoria\/","og_locale":"es_ES","og_type":"article","og_title":"Consultor\u00eda - Interact Solutions","og_description":"&nbsp; Home Soluciones Consultor\u00eda Una soluci\u00f3n especializada para potenciar su negocio Quiero contratar &nbsp; Fortalezca su negocio Las consultor\u00edas son recomendadas para acelerar la gesti\u00f3n de proyectos, trazar nuevas perspectivas, crecimiento exponencial o desacelerado, insatisfacci\u00f3n de clientes, entre otros. Adem\u00e1s,\u2026","og_url":"https:\/\/www.interactsolutions.com\/es\/consultoria\/","og_site_name":"Interact Solutions","article_modified_time":"2025-08-20T17:56:16+00:00","og_image":[{"url":"https:\/\/www.interactsolutions.com\/wp-content\/uploads\/2023\/08\/Banner-Site_Interact_SA-Analytics-Manager_1920x480px_Att-1.jpg"}],"twitter_card":"summary_large_image","twitter_misc":{"Tiempo de lectura":"5 minutos"},"schema":{"@context":"https:\/\/schema.org","@graph":[{"@type":"WebPage","@id":"https:\/\/www.interactsolutions.com\/es\/consultoria\/","url":"https:\/\/www.interactsolutions.com\/es\/consultoria\/","name":"Consultor\u00eda - Interact Solutions","isPartOf":{"@id":"https:\/\/www.interactsolutions.com\/es\/#website"},"datePublished":"2023-08-23T19:17:09+00:00","dateModified":"2025-08-20T17:56:16+00:00","inLanguage":"es","potentialAction":[{"@type":"ReadAction","target":["https:\/\/www.interactsolutions.com\/es\/consultoria\/"]}]},{"@type":"WebSite","@id":"https:\/\/www.interactsolutions.com\/es\/#website","url":"https:\/\/www.interactsolutions.com\/es\/","name":"Interact Solutions","description":"","potentialAction":[{"@type":"SearchAction","target":{"@type":"EntryPoint","urlTemplate":"https:\/\/www.interactsolutions.com\/es\/?s={search_term_string}"},"query-input":"required name=search_term_string"}],"inLanguage":"es"}]}},"_links":{"self":[{"href":"https:\/\/www.interactsolutions.com\/es\/wp-json\/wp\/v2\/pages\/7954","targetHints":{"allow":["GET"]}}],"collection":[{"href":"https:\/\/www.interactsolutions.com\/es\/wp-json\/wp\/v2\/pages"}],"about":[{"href":"https:\/\/www.interactsolutions.com\/es\/wp-json\/wp\/v2\/types\/page"}],"author":[{"embeddable":true,"href":"https:\/\/www.interactsolutions.com\/es\/wp-json\/wp\/v2\/users\/1"}],"replies":[{"embeddable":true,"href":"https:\/\/www.interactsolutions.com\/es\/wp-json\/wp\/v2\/comments?post=7954"}],"version-history":[{"count":18,"href":"https:\/\/www.interactsolutions.com\/es\/wp-json\/wp\/v2\/pages\/7954\/revisions"}],"predecessor-version":[{"id":14813,"href":"https:\/\/www.interactsolutions.com\/es\/wp-json\/wp\/v2\/pages\/7954\/revisions\/14813"}],"wp:attachment":[{"href":"https:\/\/www.interactsolutions.com\/es\/wp-json\/wp\/v2\/media?parent=7954"}],"curies":[{"name":"wp","href":"https:\/\/api.w.org\/{rel}","templated":true}]}}