{"id":8596,"date":"2023-11-27T10:22:39","date_gmt":"2023-11-27T13:22:39","guid":{"rendered":"https:\/\/www.interactsolutions.com\/trabalhe-conosco\/"},"modified":"2026-04-28T10:08:05","modified_gmt":"2026-04-28T13:08:05","slug":"trabalhe-conosco","status":"publish","type":"page","link":"https:\/\/www.interactsolutions.com\/es\/trabalhe-conosco\/","title":{"rendered":"Trabaje con nosotros"},"content":{"rendered":"<p>&nbsp;<\/p>\n<section class=\"cp-banner align-items-lg-center margem-breadcrumb auto gradiente-02 sem-filtro\"><img decoding=\"async\" class=\"imagem-fundo-banner\" src=\"http:\/\/www.interactsolutions.com\/wp-content\/uploads\/2024\/01\/Banner_Grupo-Interact_Trabalhe-Conosco.jpg\" \/><\/p>\n<div class=\"breadcrumb\">\n<div class=\"container\">\n<ul style=\"color: #ffffff;\">\n<li><a href=\"https:\/\/www.interactsolutions.com\/es\/\">Home<\/a><\/li>\n<li>Trabaje con nosotros<\/li>\n<\/ul>\n<\/div>\n<\/div>\n<div class=\"container\">\n<div class=\"row align-items-center\">\n<div class=\"col-xl-5 col-lg-6 col-md-9\">\n<div class=\"infos-bloco-padrao\">\n<h1 class=\"padrao-titulo cor-site f-padrao\"><span style=\"color: #ffffff;\"><strong>Trabaje con nosotros<\/strong><\/span><\/h1>\n<\/div>\n<\/div>\n<div class=\"col-xl-4 col-lg-5 col-md-9 col-11 offset-xl-1\"><\/div>\n<\/div>\n<\/div>\n<\/section>\n<section class=\"cp-padrao cp-texto-imagem-video \">\n<div class=\"container\">\n<div class=\"row\">\n<div class=\"col-lg-4\">\n<div class=\"infos-bloco-padrao\">\n<h2 class=\"padrao-titulo cor-site f-padrao\"><span style=\"color: #3366ff;\"><strong>\u00a1\u00danete a nuestro equipo!<\/strong><\/span><\/h2>\n<p>La Interact Solutions desarrolla, comercializa e implementa la Suite SA, una suite de software para gobernanza corporativa.<\/p>\n<p>\u00bfTe gusta la tecnolog\u00eda y la innovaci\u00f3n? \u00bfTienes inter\u00e9s en conocer personas de otras culturas para practicar espa\u00f1ol e ingl\u00e9s? \u00bfTe encanta un ambiente de trabajo agradable, sin complicaciones y, por supuesto, con un buen caf\u00e9 todos los d\u00edas?<\/p>\n<p>\u00a1Entonces tu lugar est\u00e1 aqu\u00ed en Interact! \ud83d\ude42 \u00a1Env\u00eda tu curr\u00edculum ahora mismo y selecciona las vacantes\/\u00e1reas con las que m\u00e1s te identificas!<\/p>\n<\/div>\n<\/div>\n<div class=\"col-lg-7 offset-lg-1\">\n<figure class=\"fundo-video\"><img decoding=\"async\" src=\"http:\/\/www.interactsolutions.com\/wp-content\/uploads\/2024\/01\/INST_SITE_CAPAS-VIDEOS_TRABALHE-CONOSCO-1.jpg\" \/><\/figure>\n<p>&nbsp;<\/p>\n<\/div>\n<\/div>\n<\/div>\n<\/section>\n<section class=\"cp-padrao cp-lista-beneficios \">\n<div class=\"container\">\n<h2 class=\"padrao-titulo cor-site mb-media f-padrao\"><strong><span style=\"color: #3366ff;\">Lo que ofrecemos<\/span><\/strong><\/h2>\n<ul>\n<li><i style=\"color: #1e73be;\"><br \/>\n<\/i><br \/>\n<span class=\"f-padrao\">Un valor mensual de Vale-alimentaci\u00f3n en la tarjeta Flash (marca Mastercard);<\/span><\/li>\n<li><i style=\"color: #1e73be;\"><br \/>\n<\/i><br \/>\n<span class=\"f-padrao\">Plan de salud nacional \u2013 semiprivado y ambulatorio (Unimed);<\/span><\/li>\n<li><i style=\"color: #1e73be;\"><br \/>\n<\/i><br \/>\n<span class=\"f-padrao\">Plan dental regional (Uniodonto);<\/span><\/li>\n<li><i style=\"color: #1e73be;\"><br \/>\n<\/i><br \/>\n<span class=\"f-padrao\">Seguro de vida en grupo;<\/span><\/li>\n<li><i style=\"color: #1e73be;\"><br \/>\n<\/i><br \/>\n<span class=\"f-padrao\">Un extra adicional con Bonificaci\u00f3n de Pascua, que es el pago de un porcentaje de tu salario incluyendo variables;<\/span><\/li>\n<li><i style=\"color: #1e73be;\"><br \/>\n<\/i><br \/>\n<span class=\"f-padrao\">Entregamos a los pap\u00e1s y mam\u00e1s un regalo de bienvenida para los peque\u00f1os reci\u00e9n nacidos;<\/span><\/li>\n<li><i style=\"color: #1e73be;\"><br \/>\n<\/i><br \/>\n<span class=\"f-padrao\">Auxilio-guarder\u00eda para hijos desde los 4 meses hasta los 6 a\u00f1os (para colaboradores con hasta 3 salarios m\u00ednimos de la categor\u00eda);<\/span><\/li>\n<li><i style=\"color: #1e73be;\"><br \/>\n<\/i><br \/>\n<span class=\"f-padrao\">Aqu\u00ed tu recomendaci\u00f3n de candidatos vale premios, con IndicaJob;<\/span><\/li>\n<li><i style=\"color: #1e73be;\"><br \/>\n<\/i><br \/>\n<span class=\"f-padrao\">Creemos en el desarrollo de las personas, por eso, proporcionamos y apoyamos la participaci\u00f3n en cursos y eventos;<\/span><\/li>\n<li><i style=\"color: #1e73be;\"><br \/>\n<\/i><br \/>\n<span class=\"f-padrao\">Aqu\u00ed practicas espa\u00f1ol con colegas nativos de Colombia, Per\u00fa y Uruguay;<\/span><\/li>\n<li><i style=\"color: #1e73be;\"><br \/>\n<\/i><br \/>\n<span class=\"f-padrao\">Tenemos el r\u00e9gimen de contrataci\u00f3n CLT;<\/span><\/li>\n<li><i style=\"color: #1e73be;\"><br \/>\n<\/i><br \/>\n<span class=\"f-padrao\">Aqu\u00ed la jornada laboral es reducida, son 42 horas y 30 minutos semanales;<\/span><\/li>\n<li><i style=\"color: #1e73be;\"><br \/>\n<\/i><br \/>\n<span class=\"f-padrao\">Trabajamos de lunes a viernes;<\/span><\/li>\n<li><i style=\"color: #1e73be;\"><br \/>\n<\/i><br \/>\n<span class=\"f-padrao\">Banco de horas cuadrimestral;<\/span><\/li>\n<li><i style=\"color: #1e73be;\"><br \/>\n<\/i><br \/>\n<span class=\"f-padrao\">Ofrecemos refrigerios diariamente, incluyendo frutas;<\/span><\/li>\n<li><i style=\"color: #1e73be;\"><br \/>\n<\/i><br \/>\n<span class=\"f-padrao\">Todos los viernes por la tarde tenemos un descanso de 30 minutos y disfrutamos de un refrigerio diferente;<\/span><\/li>\n<li><i style=\"color: #1e73be;\"><br \/>\n<\/i><br \/>\n<span class=\"f-padrao\">En la \u00faltima semana de cada mes ofrecemos pastel en homenaje a los cumplea\u00f1eros.;<\/span><\/li>\n<li><i style=\"color: #1e73be;\"><br \/>\n<\/i><br \/>\n<span class=\"f-padrao\">Aqu\u00ed tienes oportunidades de crecimiento;<\/span><\/li>\n<li><i style=\"color: #1e73be;\"><br \/>\n<\/i><br \/>\n<span class=\"f-padrao\">Tenemos un Plan de Cargos y Salarios estructurado;<\/span><\/li>\n<li><i style=\"color: #1e73be;\"><br \/>\n<\/i><br \/>\n<span class=\"f-padrao\">Reconocemos tu tiempo con nosotros con premios en dinero por a\u00f1os de servicio, que son a los 5, 10 y 15 a\u00f1os.<\/span><\/li>\n<li><i style=\"color: #1e73be;\"><br \/>\n<\/i><br \/>\n<span class=\"f-padrao\">Entregamos regalos de cumplea\u00f1os;<\/span><\/li>\n<\/ul>\n<\/div>\n<\/section>\n<section class=\"cp-padrao \" style=\"background-color: #f3f3f3;\">\n<div class=\"container\">\n<div class=\"row justify-content-center\">\n<div class=\"col-xl-10\">\n<div class=\"infos-bloco-padrao ta-center\">\n<h2 class=\"padrao-titulo cor-site f-padrao\"><strong><span style=\"color: #3366ff;\">\u00c1reas de actuaci\u00f3n<\/span><\/strong><\/h2>\n<div class=\"f-padrao\"><\/div>\n<\/div>\n<\/div>\n<\/div>\n<\/div>\n<\/section>\n<section class=\"cp-padrao \" style=\"background-color: #f3f3f3;\">\n<div class=\"container\">\n<div class=\"grid-prints-mobile\">\n<div class=\"item-print-mobile\">\n<div class=\"infos-bloco-padrao \">\n<h2 class=\"padrao-titulo cor-site f-padrao\"><strong>Administra\u00e7\u00e3o<\/strong><\/h2>\n<div class=\"\">\n<p><strong>Local:<\/strong> Interact Solutions<\/p>\n<p><strong>Actuaci\u00f3n:<\/strong> Finanzas, Desarrollo Humano, Cafeter\u00eda y Limpieza, Atenci\u00f3n y Recepci\u00f3n, y Planificaci\u00f3n Estrat\u00e9gica y Calidad Organizacional<\/p>\n<\/div>\n<\/div>\n<figure class=\"imagem-print-mobile\"><img decoding=\"async\" src=\"http:\/\/www.interactsolutions.com\/wp-content\/uploads\/2024\/01\/Cartolas_Produtos_Interact-Start.jpg\" \/><\/figure>\n<\/div>\n<div class=\"item-print-mobile\">\n<div class=\"infos-bloco-padrao \">\n<h2 class=\"padrao-titulo cor-site f-padrao\"><strong>Negocios<\/strong><\/h2>\n<div class=\"\">\n<p><strong>Local:<\/strong> Interact Bridges<\/p>\n<p><strong>Actuaci\u00f3n:<\/strong> Negocios Nacionales, Negocios Internacionales, Gesti\u00f3n de Canales y Comunicaci\u00f3n y Marketing<\/p>\n<\/div>\n<\/div>\n<figure class=\"imagem-print-mobile\"><img decoding=\"async\" src=\"http:\/\/www.interactsolutions.com\/wp-content\/uploads\/2024\/01\/Cartolas_Produtos_Consultoria.jpg\" \/><\/figure>\n<\/div>\n<div class=\"item-print-mobile\">\n<div class=\"infos-bloco-padrao \">\n<h2 class=\"padrao-titulo cor-site f-padrao\"><strong>Clientes y Servicios<\/strong><\/h2>\n<div class=\"\">\n<p><strong>Local:<\/strong> Interact Solutions<\/p>\n<p><strong>Actuaci\u00f3n:<\/strong> Soporte al Cliente, Proyectos al Cliente y Desarrollo de Proyectos<\/p>\n<\/div>\n<\/div>\n<figure class=\"imagem-print-mobile\"><img decoding=\"async\" src=\"http:\/\/www.interactsolutions.com\/wp-content\/uploads\/2024\/01\/Cartolas_Produtos_Interact-Pocket.jpg\" \/><\/figure>\n<\/div>\n<div class=\"item-print-mobile\">\n<div class=\"infos-bloco-padrao \">\n<h2 class=\"padrao-titulo cor-site f-padrao\"><strong>Productos y Desarrollo<\/strong><\/h2>\n<div class=\"\">\n<p><strong>Local:<\/strong> Interact Solutions<\/p>\n<p><strong>Actuaci\u00f3n:<\/strong> Infraestructura, An\u00e1lisis del Producto, Dise\u00f1o del Producto, Desarrollo del Producto y Calidad del Producto<\/p>\n<p><strong>Local:<\/strong> Interact Technology<\/p>\n<p><strong>Actuaci\u00f3n:<\/strong> Desarrollo del Producto<\/p>\n<\/div>\n<\/div>\n<figure class=\"imagem-print-mobile\"><img decoding=\"async\" src=\"http:\/\/www.interactsolutions.com\/wp-content\/uploads\/2024\/01\/Cartolas_Produtos_Interact-Flow.jpg\" \/><\/figure>\n<\/div>\n<\/div>\n<\/div>\n<\/section>\n<section class=\"cp-padrao \">\n<div class=\"container\">\n<div class=\"row justify-content-center\">\n<div class=\"col-xl-10\">\n<div class=\"infos-bloco-padrao ta-center\">\n<h2 class=\"padrao-titulo cor-site f-padrao\"><strong>Analista de Suporte ao Cliente<\/strong><\/h2>\n<div class=\"f-pequena\">\n<p style=\"text-align: left;\"><strong>\u00c1rea:<\/strong> Suporte ao Cliente | <strong>Cidade:<\/strong> Lajeado \u2013 RS | <strong>Modalidade:<\/strong> Presencial<\/p>\n<p style=\"text-align: left;\"><strong>Ser\u00e1 importante atender os seguintes requisitos:<\/strong><\/p>\n<ul style=\"text-align: left;\">\n<li>Curso t\u00e9cnico na \u00e1rea de TI em andamento ou conclu\u00eddo ou gradua\u00e7\u00e3o na \u00e1rea em andamento;<\/li>\n<li>Conhecimento b\u00e1sico Sistema Operacional Linux e\/ou Windows;<\/li>\n<li>Conhecimento B\u00e1sico em Banco de Dados;<\/li>\n<li>Viv\u00eancia na \u00e1rea de suporte;<\/li>\n<li>Espanhol e\/ou Ingl\u00eas (desej\u00e1vel).<\/li>\n<\/ul>\n<p style=\"text-align: left;\"><strong>Aqui voc\u00ea ser\u00e1 respons\u00e1vel pelas seguintes atividades:<\/strong><\/p>\n<ul style=\"text-align: left;\">\n<li>Instala\u00e7\u00e3o e configura\u00e7\u00e3o do produto;<\/li>\n<li>Atendimento ao cliente (suporte t\u00e9cnico e conceitual);<\/li>\n<li>Documenta\u00e7\u00e3o;<\/li>\n<li>Atualiza\u00e7\u00e3o do produto.<\/li>\n<\/ul>\n<p style=\"text-align: left;\">\n<\/div>\n<\/div>\n<\/div>\n<\/div>\n<\/div>\n<\/section>\n<section class=\"cp-padrao cp-cta pt-0 layout_padrao \">\n<div class=\"cp-cta__container\">\n<div class=\"info-final-bloco mt-0\"><a class=\"padrao-botao bg-site \" style=\"background-color: #0c6cf2; color: #fff;\" href=\"https:\/\/sa.interact.com.br\/sa\/custom\/curriculum\/login\/login.html?go=VkFHQS0wMDQ1\" target=\"\" rel=\"noopener\"><br \/>\nQuero me candidatar<\/a><\/div>\n<\/div>\n<\/section>\n<section class=\"cp-padrao cp-cta pt-0 layout_padrao \" style=\"--cor-fundo: #ffffff;\">\n<div class=\"cp-cta__container\">\n<div class=\"info-final-bloco mt-0\"><\/div>\n<\/div>\n<\/section>\n<section class=\"cp-padrao cp-cta layout_padrao centralizado\" style=\"--cor-fundo: #0c6cf2;\">\n<div class=\"cp-cta__container\">\n<h2 class=\"padrao-titulo cor-site ta-center f-padrao\"><span class=\"padrao-titulo__centralizado\"><strong><span style=\"color: #ffffff;\">\u00a1IMPORTANTE!<\/span><\/strong><\/span><\/h2>\n<div class=\"info-final-bloco \">\n<p><span style=\"color: #ffffff;\">En caso de que ninguna de las vacantes abiertas en este momento corresponda a tu perfil profesional, no hay problema. Puedes registrar tu curr\u00edculum de todos modos y en cuanto se disponga de una vacante correspondiente, nos pondremos en contacto contigo para agendar una conversaci\u00f3n. Recuerda mantener siempre actualizado tu registro en nuestra base de datos de curr\u00edculums.<\/span><\/p>\n<p><a class=\"padrao-botao bg-site centralizado \" style=\"background-color: #ffffff; color: #0c6cf2;\" href=\"https:\/\/sa.interact.com.br\/sa\/custom\/curriculum\/login\/login.html\" target=\"_blank\" rel=\"noopener\"><br \/>\nRegistra tu curr\u00edculum aqu\u00ed<\/a><\/p>\n<p>&nbsp;<\/p>\n<\/div>\n<\/div>\n<\/section>\n<p>&nbsp;<\/p>\n","protected":false},"excerpt":{"rendered":"<p>&nbsp; Home Trabaje con nosotros Trabaje con nosotros \u00a1\u00danete a nuestro equipo! La Interact Solutions desarrolla, comercializa e implementa la Suite SA, una suite de software para gobernanza corporativa. \u00bfTe gusta la tecnolog\u00eda y la innovaci\u00f3n? \u00bfTienes inter\u00e9s en conocer\u2026<\/p>\n","protected":false},"author":1,"featured_media":0,"parent":0,"menu_order":15,"comment_status":"closed","ping_status":"closed","template":"","meta":{"_acf_changed":false,"inline_featured_image":false,"footnotes":""},"class_list":["post-8596","page","type-page","status-publish","hentry"],"acf":[],"yoast_head":"<!-- This site is optimized with the Yoast SEO plugin v27.5 - https:\/\/yoast.com\/product\/yoast-seo-wordpress\/ -->\n<title>Trabaje con nosotros - Interact Solutions<\/title>\n<meta name=\"description\" content=\"Descubre oportunidades en Interact Solutions y forma parte de un entorno colaborativo, innovador y flexible. \u00a1Env\u00eda tu curr\u00edculum!\" \/>\n<meta name=\"robots\" content=\"index, follow, max-snippet:-1, max-image-preview:large, max-video-preview:-1\" \/>\n<link rel=\"canonical\" href=\"https:\/\/www.interactsolutions.com\/es\/trabalhe-conosco\/\" \/>\n<meta property=\"og:locale\" content=\"es_ES\" \/>\n<meta property=\"og:type\" content=\"article\" \/>\n<meta property=\"og:title\" content=\"Trabaje con nosotros - Interact Solutions\" \/>\n<meta property=\"og:description\" content=\"Descubre oportunidades en Interact Solutions y forma parte de un entorno colaborativo, innovador y flexible. \u00a1Env\u00eda tu curr\u00edculum!\" \/>\n<meta property=\"og:url\" content=\"https:\/\/www.interactsolutions.com\/es\/trabalhe-conosco\/\" \/>\n<meta property=\"og:site_name\" content=\"Interact Solutions\" \/>\n<meta property=\"article:modified_time\" content=\"2026-04-28T13:08:05+00:00\" \/>\n<meta property=\"og:image\" content=\"http:\/\/www.interactsolutions.com\/wp-content\/uploads\/2024\/01\/Banner_Grupo-Interact_Trabalhe-Conosco.jpg\" \/>\n<meta name=\"twitter:card\" content=\"summary_large_image\" \/>\n<meta name=\"twitter:label1\" content=\"Tiempo de lectura\" \/>\n\t<meta name=\"twitter:data1\" content=\"10 minutos\" \/>\n<script type=\"application\/ld+json\" class=\"yoast-schema-graph\">{\"@context\":\"https:\\\/\\\/schema.org\",\"@graph\":[{\"@type\":\"WebPage\",\"@id\":\"https:\\\/\\\/www.interactsolutions.com\\\/es\\\/trabalhe-conosco\\\/\",\"url\":\"https:\\\/\\\/www.interactsolutions.com\\\/es\\\/trabalhe-conosco\\\/\",\"name\":\"Trabaje con nosotros - Interact Solutions\",\"isPartOf\":{\"@id\":\"https:\\\/\\\/www.interactsolutions.com\\\/es\\\/#website\"},\"primaryImageOfPage\":{\"@id\":\"https:\\\/\\\/www.interactsolutions.com\\\/es\\\/trabalhe-conosco\\\/#primaryimage\"},\"image\":{\"@id\":\"https:\\\/\\\/www.interactsolutions.com\\\/es\\\/trabalhe-conosco\\\/#primaryimage\"},\"thumbnailUrl\":\"http:\\\/\\\/www.interactsolutions.com\\\/wp-content\\\/uploads\\\/2024\\\/01\\\/Banner_Grupo-Interact_Trabalhe-Conosco.jpg\",\"datePublished\":\"2023-11-27T13:22:39+00:00\",\"dateModified\":\"2026-04-28T13:08:05+00:00\",\"description\":\"Descubre oportunidades en Interact Solutions y forma parte de un entorno colaborativo, innovador y flexible. \u00a1Env\u00eda tu curr\u00edculum!\",\"inLanguage\":\"es\",\"potentialAction\":[{\"@type\":\"ReadAction\",\"target\":[\"https:\\\/\\\/www.interactsolutions.com\\\/es\\\/trabalhe-conosco\\\/\"]}]},{\"@type\":\"ImageObject\",\"inLanguage\":\"es\",\"@id\":\"https:\\\/\\\/www.interactsolutions.com\\\/es\\\/trabalhe-conosco\\\/#primaryimage\",\"url\":\"http:\\\/\\\/www.interactsolutions.com\\\/wp-content\\\/uploads\\\/2024\\\/01\\\/Banner_Grupo-Interact_Trabalhe-Conosco.jpg\",\"contentUrl\":\"http:\\\/\\\/www.interactsolutions.com\\\/wp-content\\\/uploads\\\/2024\\\/01\\\/Banner_Grupo-Interact_Trabalhe-Conosco.jpg\"},{\"@type\":\"WebSite\",\"@id\":\"https:\\\/\\\/www.interactsolutions.com\\\/es\\\/#website\",\"url\":\"https:\\\/\\\/www.interactsolutions.com\\\/es\\\/\",\"name\":\"Interact Solutions\",\"description\":\"\",\"potentialAction\":[{\"@type\":\"SearchAction\",\"target\":{\"@type\":\"EntryPoint\",\"urlTemplate\":\"https:\\\/\\\/www.interactsolutions.com\\\/es\\\/?s={search_term_string}\"},\"query-input\":{\"@type\":\"PropertyValueSpecification\",\"valueRequired\":true,\"valueName\":\"search_term_string\"}}],\"inLanguage\":\"es\"}]}<\/script>\n<!-- \/ Yoast SEO plugin. -->","yoast_head_json":{"title":"Trabaje con nosotros - Interact Solutions","description":"Descubre oportunidades en Interact Solutions y forma parte de un entorno colaborativo, innovador y flexible. \u00a1Env\u00eda tu curr\u00edculum!","robots":{"index":"index","follow":"follow","max-snippet":"max-snippet:-1","max-image-preview":"max-image-preview:large","max-video-preview":"max-video-preview:-1"},"canonical":"https:\/\/www.interactsolutions.com\/es\/trabalhe-conosco\/","og_locale":"es_ES","og_type":"article","og_title":"Trabaje con nosotros - Interact Solutions","og_description":"Descubre oportunidades en Interact Solutions y forma parte de un entorno colaborativo, innovador y flexible. \u00a1Env\u00eda tu curr\u00edculum!","og_url":"https:\/\/www.interactsolutions.com\/es\/trabalhe-conosco\/","og_site_name":"Interact Solutions","article_modified_time":"2026-04-28T13:08:05+00:00","og_image":[{"url":"http:\/\/www.interactsolutions.com\/wp-content\/uploads\/2024\/01\/Banner_Grupo-Interact_Trabalhe-Conosco.jpg","type":"","width":"","height":""}],"twitter_card":"summary_large_image","twitter_misc":{"Tiempo de lectura":"10 minutos"},"schema":{"@context":"https:\/\/schema.org","@graph":[{"@type":"WebPage","@id":"https:\/\/www.interactsolutions.com\/es\/trabalhe-conosco\/","url":"https:\/\/www.interactsolutions.com\/es\/trabalhe-conosco\/","name":"Trabaje con nosotros - Interact Solutions","isPartOf":{"@id":"https:\/\/www.interactsolutions.com\/es\/#website"},"primaryImageOfPage":{"@id":"https:\/\/www.interactsolutions.com\/es\/trabalhe-conosco\/#primaryimage"},"image":{"@id":"https:\/\/www.interactsolutions.com\/es\/trabalhe-conosco\/#primaryimage"},"thumbnailUrl":"http:\/\/www.interactsolutions.com\/wp-content\/uploads\/2024\/01\/Banner_Grupo-Interact_Trabalhe-Conosco.jpg","datePublished":"2023-11-27T13:22:39+00:00","dateModified":"2026-04-28T13:08:05+00:00","description":"Descubre oportunidades en Interact Solutions y forma parte de un entorno colaborativo, innovador y flexible. \u00a1Env\u00eda tu curr\u00edculum!","inLanguage":"es","potentialAction":[{"@type":"ReadAction","target":["https:\/\/www.interactsolutions.com\/es\/trabalhe-conosco\/"]}]},{"@type":"ImageObject","inLanguage":"es","@id":"https:\/\/www.interactsolutions.com\/es\/trabalhe-conosco\/#primaryimage","url":"http:\/\/www.interactsolutions.com\/wp-content\/uploads\/2024\/01\/Banner_Grupo-Interact_Trabalhe-Conosco.jpg","contentUrl":"http:\/\/www.interactsolutions.com\/wp-content\/uploads\/2024\/01\/Banner_Grupo-Interact_Trabalhe-Conosco.jpg"},{"@type":"WebSite","@id":"https:\/\/www.interactsolutions.com\/es\/#website","url":"https:\/\/www.interactsolutions.com\/es\/","name":"Interact Solutions","description":"","potentialAction":[{"@type":"SearchAction","target":{"@type":"EntryPoint","urlTemplate":"https:\/\/www.interactsolutions.com\/es\/?s={search_term_string}"},"query-input":{"@type":"PropertyValueSpecification","valueRequired":true,"valueName":"search_term_string"}}],"inLanguage":"es"}]}},"_links":{"self":[{"href":"https:\/\/www.interactsolutions.com\/es\/wp-json\/wp\/v2\/pages\/8596","targetHints":{"allow":["GET"]}}],"collection":[{"href":"https:\/\/www.interactsolutions.com\/es\/wp-json\/wp\/v2\/pages"}],"about":[{"href":"https:\/\/www.interactsolutions.com\/es\/wp-json\/wp\/v2\/types\/page"}],"author":[{"embeddable":true,"href":"https:\/\/www.interactsolutions.com\/es\/wp-json\/wp\/v2\/users\/1"}],"replies":[{"embeddable":true,"href":"https:\/\/www.interactsolutions.com\/es\/wp-json\/wp\/v2\/comments?post=8596"}],"version-history":[{"count":21,"href":"https:\/\/www.interactsolutions.com\/es\/wp-json\/wp\/v2\/pages\/8596\/revisions"}],"predecessor-version":[{"id":17309,"href":"https:\/\/www.interactsolutions.com\/es\/wp-json\/wp\/v2\/pages\/8596\/revisions\/17309"}],"wp:attachment":[{"href":"https:\/\/www.interactsolutions.com\/es\/wp-json\/wp\/v2\/media?parent=8596"}],"curies":[{"name":"wp","href":"https:\/\/api.w.org\/{rel}","templated":true}]}}